{"id":247569,"date":"2024-04-03T19:33:26","date_gmt":"2024-04-03T23:33:26","guid":{"rendered":"https:\/\/www.nivomax.com\/privacy-policy-2024\/"},"modified":"2025-09-17T09:36:40","modified_gmt":"2025-09-17T13:36:40","slug":"politique-de-confidentialite","status":"publish","type":"page","link":"https:\/\/www.nivomax.com\/fr\/politique-de-confidentialite\/","title":{"rendered":"POLITIQUE DE CONFIDENTIALIT\u00c9"},"content":{"rendered":"<p>[et_pb_section fb_built=\u00a0\u00bb1&Prime; disabled_on=\u00a0\u00bboff|off|off\u00a0\u00bb _builder_version=\u00a0\u00bb4.24.2&Prime; _module_preset=\u00a0\u00bbdefault\u00a0\u00bb background_color=\u00a0\u00bb#000000&Prime; background_enable_image=\u00a0\u00bboff\u00a0\u00bb background_blend=\u00a0\u00bbmultiply\u00a0\u00bb custom_padding=\u00a0\u00bb6vw||6vw||true|false\u00a0\u00bb global_colors_info=\u00a0\u00bb{}\u00a0\u00bb][et_pb_row _builder_version=\u00a0\u00bb4.24.2&Prime; _module_preset=\u00a0\u00bbdefault\u00a0\u00bb global_colors_info=\u00a0\u00bb{}\u00a0\u00bb][et_pb_column type=\u00a0\u00bb4_4&Prime; _builder_version=\u00a0\u00bb4.24.2&Prime; _module_preset=\u00a0\u00bbdefault\u00a0\u00bb global_colors_info=\u00a0\u00bb{}\u00a0\u00bb][et_pb_text _builder_version=\u00a0\u00bb4.25.2&Prime; _module_preset=\u00a0\u00bbdefault\u00a0\u00bb text_text_color=\u00a0\u00bb#FFFFFF\u00a0\u00bb text_font_size=\u00a0\u00bb17px\u00a0\u00bb header_font=\u00a0\u00bb|||on|||||\u00a0\u00bb header_text_align=\u00a0\u00bbcenter\u00a0\u00bb header_text_color=\u00a0\u00bb#f8c000&Prime; header_font_size=\u00a0\u00bb45px\u00a0\u00bb header_2_font=\u00a0\u00bb||||||||\u00a0\u00bb header_2_text_align=\u00a0\u00bbleft\u00a0\u00bb header_2_text_color=\u00a0\u00bb#FFFFFF\u00a0\u00bb header_2_font_size=\u00a0\u00bb24px\u00a0\u00bb header_3_text_color=\u00a0\u00bb#f8c000&Prime; header_3_font_size=\u00a0\u00bb16px\u00a0\u00bb hover_enabled=\u00a0\u00bb0&Prime; global_colors_info=\u00a0\u00bb{}\u00a0\u00bb sticky_enabled=\u00a0\u00bb0&Prime;]<\/p>\n<h1>POLITIQUE DE CONFIDENTIALIT\u00c9\u00a0<\/h1>\n<p>Date d&rsquo;entr\u00e9e en vigueur : 2 mars 2024<\/p>\n<p>Bienvenue chez SYNAXIOM. Nous respectons votre vie priv\u00e9e et nous nous engageons \u00e0 prot\u00e9ger les informations personnelles de nos contacts et des visiteurs de notre site web (https:\/\/www.synaxiom.com\/). Cette politique de confidentialit\u00e9 explique les types d&rsquo;informations que nous recueillons, la mani\u00e8re dont nous les utilisons, les mesures que nous prenons pour les prot\u00e9ger et vos droits concernant vos informations.<\/p>\n<p><strong>Conformit\u00e9 avec les lois sur la protection de la vie priv\u00e9e<\/strong><br \/>SYNAXIOM a son si\u00e8ge social au Qu\u00e9bec, au Canada, et se conforme au R\u00e8glement g\u00e9n\u00e9ral sur la protection des donn\u00e9es (RGPD) pour les utilisateurs de l&rsquo;Union europ\u00e9enne, au RGPD tel qu&rsquo;inscrit dans la Loi sur la protection des donn\u00e9es 2018 du Royaume-Uni, et adh\u00e8re aux lois et r\u00e8glements du Qu\u00e9bec en mati\u00e8re de protection de la vie priv\u00e9e. Nous nous engageons \u00e0 prot\u00e9ger vos renseignements personnels en vertu de ces cadres juridiques.<\/p>\n<p><strong>Collecte et utilisation des informations<\/strong><br \/>Pourquoi nous recueillons des informations : Pour fournir des services personnalis\u00e9s, comprendre comment nos services sont utilis\u00e9s et am\u00e9liorer la qualit\u00e9 de nos offres. Les informations sont collect\u00e9es par le biais de :<br \/>\u2022 Des moyens automatis\u00e9s tels que les donn\u00e9es de trafic et les cookies, qui capturent des d\u00e9tails tels que les adresses IP, les types de navigateurs et les interactions avec notre site.<br \/>\u2022 Interactions directes lorsque vous fournissez des informations personnelles pour des bulletins d&rsquo;information, des t\u00e9l\u00e9chargements ou des demandes de service. Ces informations comprennent, sans s&rsquo;y limiter, les noms, les adresses \u00e9lectroniques et les num\u00e9ros de t\u00e9l\u00e9phone.<\/p>\n<p>Cookies et technologies de suivi : Nous utilisons des cookies pour am\u00e9liorer votre exp\u00e9rience, comprendre l&rsquo;utilisation du site et faire de la publicit\u00e9 cibl\u00e9e. Vous avez le contr\u00f4le de vos param\u00e8tres de cookies et pouvez ajuster vos pr\u00e9f\u00e9rences \u00e0 tout moment.<\/p>\n<p><strong>Partage et divulgation des donn\u00e9es<\/strong><br \/>Vos informations ne sont ni vendues ni partag\u00e9es sans discernement. Le partage a lieu dans des conditions sp\u00e9cifiques :<br \/>\u2022 Avec des prestataires de services qui nous aident dans nos activit\u00e9s (dans le cadre d&rsquo;accords de confidentialit\u00e9 stricts).<br \/>\u2022 Pour des raisons juridiques, par exemple en r\u00e9ponse \u00e0 une citation \u00e0 compara\u00eetre ou pour prot\u00e9ger nos droits.<br \/>\u2022 Avec votre consentement explicite.<\/p>\n<p><strong>Transferts internationaux de donn\u00e9es<\/strong><br \/>Compte tenu de nos activit\u00e9s mondiales, les donn\u00e9es peuvent \u00eatre transf\u00e9r\u00e9es \u00e0 l&rsquo;\u00e9chelle internationale, y compris vers des r\u00e9gions situ\u00e9es en dehors de l&rsquo;Espace \u00e9conomique europ\u00e9en ou du Canada. Nous veillons \u00e0 ce que tous ces transferts soient conformes aux lois applicables en mati\u00e8re de protection de la vie priv\u00e9e et \u00e0 ce que des mesures de protection ad\u00e9quates soient mises en place.<\/p>\n<p><strong>Protection des donn\u00e9es et s\u00e9curit\u00e9<\/strong><br \/>Nous prenons la s\u00e9curit\u00e9 de vos donn\u00e9es au s\u00e9rieux et avons mis en place des mesures pour emp\u00eacher l&rsquo;acc\u00e8s, la divulgation, l&rsquo;alt\u00e9ration ou la destruction non autoris\u00e9s. Ces mesures comprennent un cryptage avanc\u00e9, des environnements de serveurs s\u00e9curis\u00e9s et des audits de s\u00e9curit\u00e9 r\u00e9guliers. Toutefois, aucun syst\u00e8me ne peut \u00eatre totalement s\u00fbr et nous ne pouvons pas garantir une s\u00e9curit\u00e9 absolue.<\/p>\n<p><strong>Vos droits<\/strong><br \/>Vous avez des droits en vertu du GDPR et des lois qu\u00e9b\u00e9coises sur la protection de la vie priv\u00e9e, y compris :<br \/>\u2022 Acc\u00e9der \u00e0 vos donn\u00e9es personnelles et en obtenir une copie.<br \/>\u2022 Demander la correction ou la suppression.<br \/>\u2022 S&rsquo;opposer au traitement ou le restreindre.<br \/>\u2022 Portabilit\u00e9 des donn\u00e9es.<br \/>\u2022 Retirer son consentement \u00e0 tout moment, sans affecter la l\u00e9galit\u00e9 du traitement fond\u00e9 sur le consentement avant son retrait.<\/p>\n<p><strong>Vie priv\u00e9e des enfants<\/strong><br \/>Nous ne collectons pas sciemment d&rsquo;informations personnelles aupr\u00e8s d&rsquo;enfants de moins de 16 ans. Si vous pensez que nous avons recueilli de telles informations par inadvertance, veuillez nous contacter afin que nous puissions prendre des mesures imm\u00e9diates.<\/p>\n<p><strong>Modifications de la pr\u00e9sente politique de confidentialit\u00e9<\/strong><br \/>Nous pouvons mettre \u00e0 jour cette politique de temps \u00e0 autre. Nous vous encourageons \u00e0 la consulter r\u00e9guli\u00e8rement. En continuant \u00e0 utiliser nos services apr\u00e8s toute modification, vous acceptez ces changements.<\/p>\n<p><strong>Nous contacter<\/strong><br \/>Si vous avez des questions sur la pr\u00e9sente politique, si vous souhaitez exercer vos droits ou si vous avez des inqui\u00e9tudes concernant nos pratiques en mati\u00e8re de protection de la vie priv\u00e9e, veuillez nous contacter \u00e0 l&rsquo;adresse suivante :<br \/>Courriel : info@synaxiom.com<br \/>T\u00e9l\u00e9phone : (514) 363-1887<br \/>Adresse : (514) 363-1887 PO Box 46055 BP Center Pointe- Claire, Pointe-Claire, QC, Canada H9R 5R4<\/p>\n<p>Cette politique, ainsi que nos conditions g\u00e9n\u00e9rales d&rsquo;utilisation, soulignent notre engagement total en faveur de la protection de votre vie priv\u00e9e et de vos donn\u00e9es.<\/p>\n<p>[\/et_pb_text][\/et_pb_column][\/et_pb_row][\/et_pb_section]<\/p>\n","protected":false},"excerpt":{"rendered":"<p>POLITIQUE DE CONFIDENTIALIT\u00c9\u00a0 Date d&rsquo;entr\u00e9e en vigueur : 2 mars 2024 Bienvenue chez SYNAXIOM. Nous respectons votre vie priv\u00e9e et nous nous engageons \u00e0 prot\u00e9ger les informations personnelles de nos contacts et des visiteurs de notre site web (https:\/\/www.synaxiom.com\/). Cette politique de confidentialit\u00e9 explique les types d&rsquo;informations que nous recueillons, la mani\u00e8re dont nous les [&hellip;]<\/p>\n","protected":false},"author":11,"featured_media":0,"parent":0,"menu_order":0,"comment_status":"closed","ping_status":"closed","template":"","meta":{"_et_pb_use_builder":"on","_et_pb_old_content":"","_et_gb_content_width":"","_monsterinsights_skip_tracking":false,"_monsterinsights_sitenote_active":false,"_monsterinsights_sitenote_note":"","_monsterinsights_sitenote_category":0,"footnotes":""},"class_list":["post-247569","page","type-page","status-publish","hentry"],"jetpack_sharing_enabled":true,"_links":{"self":[{"href":"https:\/\/www.nivomax.com\/fr\/wp-json\/wp\/v2\/pages\/247569","targetHints":{"allow":["GET"]}}],"collection":[{"href":"https:\/\/www.nivomax.com\/fr\/wp-json\/wp\/v2\/pages"}],"about":[{"href":"https:\/\/www.nivomax.com\/fr\/wp-json\/wp\/v2\/types\/page"}],"author":[{"embeddable":true,"href":"https:\/\/www.nivomax.com\/fr\/wp-json\/wp\/v2\/users\/11"}],"replies":[{"embeddable":true,"href":"https:\/\/www.nivomax.com\/fr\/wp-json\/wp\/v2\/comments?post=247569"}],"version-history":[{"count":3,"href":"https:\/\/www.nivomax.com\/fr\/wp-json\/wp\/v2\/pages\/247569\/revisions"}],"predecessor-version":[{"id":247572,"href":"https:\/\/www.nivomax.com\/fr\/wp-json\/wp\/v2\/pages\/247569\/revisions\/247572"}],"wp:attachment":[{"href":"https:\/\/www.nivomax.com\/fr\/wp-json\/wp\/v2\/media?parent=247569"}],"curies":[{"name":"wp","href":"https:\/\/api.w.org\/{rel}","templated":true}]}}