{"id":247524,"date":"2024-04-01T16:04:56","date_gmt":"2024-04-01T20:04:56","guid":{"rendered":"https:\/\/www.nivomax.com\/sales-center\/"},"modified":"2025-09-17T09:36:44","modified_gmt":"2025-09-17T13:36:44","slug":"centre-de-vente","status":"publish","type":"page","link":"https:\/\/www.nivomax.com\/fr\/centre-de-vente\/","title":{"rendered":"Sales Center"},"content":{"rendered":"<p>[et_pb_section fb_built=\u00a0\u00bb1&Prime; custom_padding_last_edited=\u00a0\u00bbon|phone\u00a0\u00bb disabled_on=\u00a0\u00bboff|off|off\u00a0\u00bb _builder_version=\u00a0\u00bb4.24.2&Prime; _module_preset=\u00a0\u00bbdefault\u00a0\u00bb background_color=\u00a0\u00bb#111111&Prime; custom_padding=\u00a0\u00bb3.5vw||0vw||false|false\u00a0\u00bb custom_padding_tablet=\u00a0\u00bb3.5vw||3.5vw||true|false\u00a0\u00bb custom_padding_phone=\u00a0\u00bb6vw||6vw||true|false\u00a0\u00bb top_divider_color=\u00a0\u00bb#000000&Prime; top_divider_height=\u00a0\u00bb36px\u00a0\u00bb top_divider_repeat=\u00a0\u00bb1x\u00a0\u00bb top_divider_flip=\u00a0\u00bbvertical\u00a0\u00bb bottom_divider_style=\u00a0\u00bbslant\u00a0\u00bb bottom_divider_color=\u00a0\u00bb#2a2a2a\u00a0\u00bb bottom_divider_height=\u00a0\u00bb503px\u00a0\u00bb bottom_divider_repeat=\u00a0\u00bb1x\u00a0\u00bb bottom_divider_flip=\u00a0\u00bbvertical\u00a0\u00bb border_width_top=\u00a0\u00bb2px\u00a0\u00bb border_color_top=\u00a0\u00bbrgba(255,255,255,0.11)\u00a0\u00bb global_colors_info=\u00a0\u00bb{}\u00a0\u00bb][et_pb_row column_structure=\u00a0\u00bb1_4,3_4&Prime; make_equal=\u00a0\u00bbon\u00a0\u00bb _builder_version=\u00a0\u00bb4.24.2&Prime; _module_preset=\u00a0\u00bbdefault\u00a0\u00bb custom_margin=\u00a0\u00bb-2px|auto||auto||\u00a0\u00bb custom_padding=\u00a0\u00bb18px||4px|||\u00a0\u00bb global_colors_info=\u00a0\u00bb{}\u00a0\u00bb][et_pb_column type=\u00a0\u00bb1_4&Prime; _builder_version=\u00a0\u00bb4.24.2&Prime; _module_preset=\u00a0\u00bbdefault\u00a0\u00bb custom_css_main_element=\u00a0\u00bbalign-self:flex-end;\u00a0\u00bb global_colors_info=\u00a0\u00bb{}\u00a0\u00bb][et_pb_image src=\u00a0\u00bbhttps:\/\/www.nivomax.com\/wp-content\/uploads\/2021\/11\/cropped-nivomax-icon-4.76x-yellow-1.png\u00a0\u00bb title_text=\u00a0\u00bbcropped-nivomax-icon-4.76x-yellow-1.png\u00a0\u00bb align=\u00a0\u00bbright\u00a0\u00bb align_tablet=\u00a0\u00bbleft\u00a0\u00bb align_phone=\u00a0\u00bbleft\u00a0\u00bb align_last_edited=\u00a0\u00bbon|desktop\u00a0\u00bb _builder_version=\u00a0\u00bb4.24.2&Prime; _module_preset=\u00a0\u00bbdefault\u00a0\u00bb width=\u00a0\u00bb30%\u00a0\u00bb width_tablet=\u00a0\u00bb20%\u00a0\u00bb width_phone=\u00a0\u00bb30%\u00a0\u00bb width_last_edited=\u00a0\u00bbon|phone\u00a0\u00bb global_colors_info=\u00a0\u00bb{}\u00a0\u00bb][\/et_pb_image][et_pb_text _builder_version=\u00a0\u00bb4.25.2&Prime; _module_preset=\u00a0\u00bbdefault\u00a0\u00bb header_font=\u00a0\u00bb||||||||\u00a0\u00bb header_text_align=\u00a0\u00bbright\u00a0\u00bb header_text_color=\u00a0\u00bb#bdbdbd\u00a0\u00bb header_2_text_align=\u00a0\u00bbright\u00a0\u00bb header_2_text_color=\u00a0\u00bb#FFFFFF\u00a0\u00bb header_2_font_size=\u00a0\u00bb18px\u00a0\u00bb header_3_text_align=\u00a0\u00bbright\u00a0\u00bb header_3_text_color=\u00a0\u00bb#FFFFFF\u00a0\u00bb header_3_line_height=\u00a0\u00bb1.3em\u00a0\u00bb header_text_align_tablet=\u00a0\u00bbleft\u00a0\u00bb header_text_align_phone=\u00a0\u00bbleft\u00a0\u00bb header_text_align_last_edited=\u00a0\u00bbon|phone\u00a0\u00bb header_2_text_align_tablet=\u00a0\u00bbright\u00a0\u00bb header_2_text_align_phone=\u00a0\u00bbleft\u00a0\u00bb header_2_text_align_last_edited=\u00a0\u00bbon|desktop\u00a0\u00bb header_3_text_align_tablet=\u00a0\u00bbleft\u00a0\u00bb header_3_text_align_phone=\u00a0\u00bbleft\u00a0\u00bb header_3_text_align_last_edited=\u00a0\u00bbon|desktop\u00a0\u00bb global_colors_info=\u00a0\u00bb{}\u00a0\u00bb]<\/p>\n<h2>Rationaliser les ventes<\/h2>\n<h1>Augmentation des recettes<\/h1>\n<h3><span>R\u00e9duire les frais g\u00e9n\u00e9raux de votre service de publicit\u00e9 technique.<\/span><\/h3>\n<p>[\/et_pb_text][et_pb_button button_url=\u00a0\u00bb#get-demo\u00a0\u00bb button_text=\u00a0\u00bbPlanifier une d\u00e9monstration \u00a0\u00bb button_alignment=\u00a0\u00bbleft\u00a0\u00bb disabled_on=\u00a0\u00bboff|off|off\u00a0\u00bb _builder_version=\u00a0\u00bb4.25.2&Prime; _module_preset=\u00a0\u00bbdefault\u00a0\u00bb custom_button=\u00a0\u00bbon\u00a0\u00bb button_bg_color=\u00a0\u00bb#000000&Prime; button_icon_color=\u00a0\u00bb#f8c000&Prime; custom_margin=\u00a0\u00bb0px|0px||0px|false|true\u00a0\u00bb custom_margin_tablet=\u00a0\u00bb0px|0px|7px|0px|false|true\u00a0\u00bb custom_margin_phone=\u00a0\u00bb0px|0px|21px|0px|false|true\u00a0\u00bb custom_margin_last_edited=\u00a0\u00bbon|phone\u00a0\u00bb custom_padding=\u00a0\u00bb||9px|||\u00a0\u00bb animation_direction=\u00a0\u00bbbottom\u00a0\u00bb locked=\u00a0\u00bboff\u00a0\u00bb global_colors_info=\u00a0\u00bb{}\u00a0\u00bb][\/et_pb_button][\/et_pb_column][et_pb_column type=\u00a0\u00bb3_4&Prime; _builder_version=\u00a0\u00bb4.16&Prime; _module_preset=\u00a0\u00bbdefault\u00a0\u00bb global_colors_info=\u00a0\u00bb{}\u00a0\u00bb][et_pb_text _builder_version=\u00a0\u00bb4.27.0&Prime; _module_preset=\u00a0\u00bbdefault\u00a0\u00bb header_font=\u00a0\u00bb||||||||\u00a0\u00bb header_text_color=\u00a0\u00bb#f8c000&Prime; header_font_size=\u00a0\u00bb50px\u00a0\u00bb header_2_text_color=\u00a0\u00bb#FFFFFF\u00a0\u00bb header_2_font_size=\u00a0\u00bb28px\u00a0\u00bb header_3_text_color=\u00a0\u00bb#FFFFFF\u00a0\u00bb global_colors_info=\u00a0\u00bb{}\u00a0\u00bb]<\/p>\n<h3>Efficacit\u00e9, int\u00e9gration et automatisation.<\/h3>\n<h1>NIVOMAX Sales Center<\/h1>\n<h3>Transformer les ventes et la gestion des pubs technologiques.<\/h3>\n<p>[\/et_pb_text][et_pb_image src=\u00a0\u00bbhttps:\/\/www.nivomax.com\/wp-content\/uploads\/2024\/04\/nivomax-sc-001.png\u00a0\u00bb title_text=\u00a0\u00bbnivomax-sc-001&Prime; _builder_version=\u00a0\u00bb4.24.2&Prime; _module_preset=\u00a0\u00bbdefault\u00a0\u00bb global_colors_info=\u00a0\u00bb{}\u00a0\u00bb][\/et_pb_image][et_pb_text _builder_version=\u00a0\u00bb4.27.0&Prime; _module_preset=\u00a0\u00bbdefault\u00a0\u00bb text_text_color=\u00a0\u00bb#FFFFFF\u00a0\u00bb text_font_size=\u00a0\u00bb18px\u00a0\u00bb global_colors_info=\u00a0\u00bb{}\u00a0\u00bb]<\/p>\n<p>Con\u00e7u sp\u00e9cifiquement pour les fabricants (OEM et CM), le NIVOMAX Sales Center g\u00e8re l&rsquo;ensemble du cycle de vente des publications techniques et des produits connexes. Avec une int\u00e9gration transparente dans notre Builder pour l&rsquo;automatisation des services de r\u00e9vision et le Self Serve Portal pour l&rsquo;engagement direct des utilisateurs, le NIVOMAX Sales Center fournit une solution compl\u00e8te pour les ventes de produits de publications techniques et le logiciel de gestion des abonnements, en rationalisant les op\u00e9rations de bout en bout. Obtenez de nouvelles informations sur les aspects de la gestion et devenez une entreprise plus agile dans un secteur en constante \u00e9volution.<\/p>\n<p>[\/et_pb_text][\/et_pb_column][\/et_pb_row][\/et_pb_section][et_pb_section fb_built=\u00a0\u00bb1&Prime; custom_padding_last_edited=\u00a0\u00bbon|tablet\u00a0\u00bb _builder_version=\u00a0\u00bb4.21.0&Prime; _module_preset=\u00a0\u00bbdefault\u00a0\u00bb background_color=\u00a0\u00bbRGBA(255,255,255,0)\u00a0\u00bb use_background_color_gradient=\u00a0\u00bbon\u00a0\u00bb background_color_gradient_stops=\u00a0\u00bb#2a2a2a 58%|#151515 100%\u00a0\u00bb background_color_gradient_overlays_image=\u00a0\u00bbon\u00a0\u00bb background_enable_image=\u00a0\u00bboff\u00a0\u00bb background_position=\u00a0\u00bbcenter_right\u00a0\u00bb custom_padding=\u00a0\u00bb2vw||2vw||true|false\u00a0\u00bb custom_padding_tablet=\u00a0\u00bb10vw||10vw||true|false\u00a0\u00bb custom_padding_phone=\u00a0\u00bb10vw||10vw||true|false\u00a0\u00bb background_last_edited=\u00a0\u00bbon|tablet\u00a0\u00bb background_position_tablet=\u00a0\u00bbtop_center\u00a0\u00bb background_position_phone=\u00a0\u00bbtop_center\u00a0\u00bb global_colors_info=\u00a0\u00bb{}\u00a0\u00bb][et_pb_row _builder_version=\u00a0\u00bb4.24.2&Prime; _module_preset=\u00a0\u00bbdefault\u00a0\u00bb custom_margin=\u00a0\u00bb150px|auto|12px|auto|false|false\u00a0\u00bb custom_margin_tablet=\u00a0\u00bb30px||20px||false|false\u00a0\u00bb custom_margin_phone=\u00a0\u00bb30px||30px||false|false\u00a0\u00bb custom_margin_last_edited=\u00a0\u00bbon|desktop\u00a0\u00bb custom_padding=\u00a0\u00bb||3px|||\u00a0\u00bb global_colors_info=\u00a0\u00bb{}\u00a0\u00bb][et_pb_column type=\u00a0\u00bb4_4&Prime; _builder_version=\u00a0\u00bb4.21.0&Prime; _module_preset=\u00a0\u00bbdefault\u00a0\u00bb global_colors_info=\u00a0\u00bb{}\u00a0\u00bb][et_pb_text _builder_version=\u00a0\u00bb4.27.0&Prime; _module_preset=\u00a0\u00bbdefault\u00a0\u00bb text_text_color=\u00a0\u00bb#FFFFFF\u00a0\u00bb text_font_size=\u00a0\u00bb20px\u00a0\u00bb text_line_height=\u00a0\u00bb1.4em\u00a0\u00bb header_text_align=\u00a0\u00bbjustify\u00a0\u00bb header_text_color=\u00a0\u00bb#f8c000&Prime; header_font_size=\u00a0\u00bb41px\u00a0\u00bb custom_padding=\u00a0\u00bb||3px|||\u00a0\u00bb global_colors_info=\u00a0\u00bb{}\u00a0\u00bb]<\/p>\n<h1>NIVOMAX Sales Center<\/h1>\n<p>[\/et_pb_text][\/et_pb_column][\/et_pb_row][et_pb_row column_structure=\u00a0\u00bb1_3,1_3,1_3&Prime; use_custom_gutter=\u00a0\u00bbon\u00a0\u00bb gutter_width=\u00a0\u00bb2&Prime; make_equal=\u00a0\u00bbon\u00a0\u00bb _builder_version=\u00a0\u00bb4.21.0&Prime; _module_preset=\u00a0\u00bbdefault\u00a0\u00bb background_enable_color=\u00a0\u00bboff\u00a0\u00bb min_height=\u00a0\u00bb298.5px\u00a0\u00bb custom_padding=\u00a0\u00bb||1vw||false|false\u00a0\u00bb locked=\u00a0\u00bboff\u00a0\u00bb global_colors_info=\u00a0\u00bb{}\u00a0\u00bb][et_pb_column type=\u00a0\u00bb1_3&Prime; _builder_version=\u00a0\u00bb4.21.0&Prime; _module_preset=\u00a0\u00bbdefault\u00a0\u00bb custom_css_main_element=\u00a0\u00bb padding: 25px;||  margin-bottom: 1em;||  line-height: 1.4;||background-color:#000;||border-radius:15px\u00a0\u00bb global_colors_info=\u00a0\u00bb{}\u00a0\u00bb][et_pb_text _builder_version=\u00a0\u00bb4.25.2&Prime; _module_preset=\u00a0\u00bbdefault\u00a0\u00bb text_text_color=\u00a0\u00bb#FFFFFF\u00a0\u00bb text_font_size=\u00a0\u00bb17px\u00a0\u00bb header_font=\u00a0\u00bbAdam|||on|||||\u00a0\u00bb header_text_align=\u00a0\u00bbcenter\u00a0\u00bb header_text_color=\u00a0\u00bb#f8c000&Prime; header_font_size=\u00a0\u00bb45px\u00a0\u00bb header_2_font=\u00a0\u00bb||||||||\u00a0\u00bb header_2_text_align=\u00a0\u00bbcenter\u00a0\u00bb header_2_text_color=\u00a0\u00bb#FFFFFF\u00a0\u00bb header_2_font_size=\u00a0\u00bb32px\u00a0\u00bb header_3_text_color=\u00a0\u00bb#f8c000&Prime; header_3_font_size=\u00a0\u00bb19px\u00a0\u00bb text_orientation=\u00a0\u00bbcenter\u00a0\u00bb global_colors_info=\u00a0\u00bb{}\u00a0\u00bb]<\/p>\n<h2>Gestion des abonnements<\/h2>\n<h3>Une flexibilit\u00e9 in\u00e9gal\u00e9e<\/h3>\n<p>G\u00e9rer facilement les services de publication technique par abonnement, en r\u00e9vision libre ou en tant que service payant.<\/p>\n<p>[\/et_pb_text][\/et_pb_column][et_pb_column type=\u00a0\u00bb1_3&Prime; _builder_version=\u00a0\u00bb4.21.0&Prime; _module_preset=\u00a0\u00bbdefault\u00a0\u00bb custom_css_main_element=\u00a0\u00bb padding: 25px;||  margin-bottom: 1em;||  line-height: 1.4;||background-color:#000;||border-radius:15px;\u00a0\u00bb global_colors_info=\u00a0\u00bb{}\u00a0\u00bb][et_pb_text _builder_version=\u00a0\u00bb4.25.2&Prime; _module_preset=\u00a0\u00bbdefault\u00a0\u00bb text_text_color=\u00a0\u00bb#FFFFFF\u00a0\u00bb text_font_size=\u00a0\u00bb17px\u00a0\u00bb header_font=\u00a0\u00bbAdam|||on|||||\u00a0\u00bb header_text_align=\u00a0\u00bbcenter\u00a0\u00bb header_text_color=\u00a0\u00bb#f8c000&Prime; header_font_size=\u00a0\u00bb45px\u00a0\u00bb header_2_font=\u00a0\u00bb||||||||\u00a0\u00bb header_2_text_align=\u00a0\u00bbcenter\u00a0\u00bb header_2_text_color=\u00a0\u00bb#FFFFFF\u00a0\u00bb header_2_font_size=\u00a0\u00bb32px\u00a0\u00bb header_3_text_color=\u00a0\u00bb#f8c000&Prime; header_3_font_size=\u00a0\u00bb19px\u00a0\u00bb text_orientation=\u00a0\u00bbcenter\u00a0\u00bb global_colors_info=\u00a0\u00bb{}\u00a0\u00bb]<\/p>\n<h2>Vente de produits<\/h2>\n<h3>Pas seulement pour vos ePubs<\/h3>\n<p>Qu&rsquo;il s&rsquo;agisse de vendre du papier, des pubs ou d&rsquo;autres fournitures essentielles, NIVOMAX Sales Center couvre les aspects essentiels de votre strat\u00e9gie de vente. Optimisation du chiffre d&rsquo;affaires sans effort gr\u00e2ce \u00e0 notre logiciel de gestion des ventes<\/p>\n<p>[\/et_pb_text][\/et_pb_column][et_pb_column type=\u00a0\u00bb1_3&Prime; _builder_version=\u00a0\u00bb4.21.0&Prime; _module_preset=\u00a0\u00bbdefault\u00a0\u00bb custom_css_main_element=\u00a0\u00bb padding: 25px;||  margin-bottom: 1em;||  line-height: 1.4;||background-color:#000;||border-radius:15px;\u00a0\u00bb global_colors_info=\u00a0\u00bb{}\u00a0\u00bb][et_pb_text _builder_version=\u00a0\u00bb4.25.2&Prime; _module_preset=\u00a0\u00bbdefault\u00a0\u00bb text_text_color=\u00a0\u00bb#FFFFFF\u00a0\u00bb text_font_size=\u00a0\u00bb17px\u00a0\u00bb header_font=\u00a0\u00bbAdam|||on|||||\u00a0\u00bb header_text_align=\u00a0\u00bbcenter\u00a0\u00bb header_text_color=\u00a0\u00bb#f8c000&Prime; header_font_size=\u00a0\u00bb45px\u00a0\u00bb header_2_font=\u00a0\u00bb||||||||\u00a0\u00bb header_2_text_align=\u00a0\u00bbcenter\u00a0\u00bb header_2_text_color=\u00a0\u00bb#FFFFFF\u00a0\u00bb header_2_font_size=\u00a0\u00bb32px\u00a0\u00bb header_3_text_color=\u00a0\u00bb#f8c000&Prime; header_3_font_size=\u00a0\u00bb19px\u00a0\u00bb text_orientation=\u00a0\u00bbcenter\u00a0\u00bb global_colors_info=\u00a0\u00bb{}\u00a0\u00bb]<\/p>\n<h2>Int\u00e9grations<\/h2>\n<h3>Constructeur et libre-service<\/h3>\n<p>Gr\u00e2ce aux int\u00e9grations dans le Constructuer et le Portail Libre-Service, augmentez l&rsquo;efficacit\u00e9 des flux de travail, de la publication aux options compl\u00e8tes de self-service, afin d&rsquo;am\u00e9liorer l&rsquo;autonomie et la satisfaction des utilisateurs.<\/p>\n<p>[\/et_pb_text][\/et_pb_column][\/et_pb_row][\/et_pb_section][et_pb_section fb_built=\u00a0\u00bb1&Prime; _builder_version=\u00a0\u00bb4.24.2&Prime; _module_preset=\u00a0\u00bbdefault\u00a0\u00bb background_color=\u00a0\u00bb#0c0c0c\u00a0\u00bb custom_padding=\u00a0\u00bb||75px|||\u00a0\u00bb global_colors_info=\u00a0\u00bb{}\u00a0\u00bb][et_pb_row _builder_version=\u00a0\u00bb4.21.0&Prime; _module_preset=\u00a0\u00bbdefault\u00a0\u00bb global_colors_info=\u00a0\u00bb{}\u00a0\u00bb][et_pb_column type=\u00a0\u00bb4_4&Prime; _builder_version=\u00a0\u00bb4.21.0&Prime; _module_preset=\u00a0\u00bbdefault\u00a0\u00bb global_colors_info=\u00a0\u00bb{}\u00a0\u00bb][et_pb_text _builder_version=\u00a0\u00bb4.25.2&Prime; _module_preset=\u00a0\u00bbdefault\u00a0\u00bb header_text_color=\u00a0\u00bb#FFFFFF\u00a0\u00bb header_font_size=\u00a0\u00bb50px\u00a0\u00bb header_2_text_color=\u00a0\u00bb#f8c000&Prime; custom_margin=\u00a0\u00bb||-15px|||\u00a0\u00bb global_colors_info=\u00a0\u00bb{}\u00a0\u00bb]<\/p>\n<h1>Points forts<\/h1>\n<h2><span>N&rsquo;h\u00e9sitez pas \u00e0 nous contacter pour obtenir une copie de la fiche technique compl\u00e8te du produit.<\/span><\/h2>\n<p>[\/et_pb_text][\/et_pb_column][\/et_pb_row][et_pb_row column_structure=\u00a0\u00bb1_2,1_2&Prime; _builder_version=\u00a0\u00bb4.21.0&Prime; _module_preset=\u00a0\u00bbdefault\u00a0\u00bb custom_padding=\u00a0\u00bb17px|||||\u00a0\u00bb global_colors_info=\u00a0\u00bb{}\u00a0\u00bb][et_pb_column type=\u00a0\u00bb1_2&Prime; _builder_version=\u00a0\u00bb4.21.0&Prime; _module_preset=\u00a0\u00bbdefault\u00a0\u00bb global_colors_info=\u00a0\u00bb{}\u00a0\u00bb][et_pb_text _builder_version=\u00a0\u00bb4.25.2&Prime; _module_preset=\u00a0\u00bbdefault\u00a0\u00bb text_text_color=\u00a0\u00bb#FFFFFF\u00a0\u00bb header_2_text_color=\u00a0\u00bb#FFFFFF\u00a0\u00bb header_3_text_color=\u00a0\u00bb#FFFFFF\u00a0\u00bb custom_margin=\u00a0\u00bb||-1px|||\u00a0\u00bb global_colors_info=\u00a0\u00bb{}\u00a0\u00bb]<\/p>\n<h3>Gestion des produits et des abonnements<\/h3>\n<ul>\n<li>Base de donn\u00e9es compl\u00e8te sur les produits : Conservez des enregistrements d\u00e9taill\u00e9s des produits par num\u00e9ro de s\u00e9quence de produit (PSN) pour une attribution et une gestion pr\u00e9cises.<\/li>\n<li>Gestion du cycle de vie des abonnements : G\u00e9rer sans effort le cycle de vie des services de publication technique gratuits et payants par abonnement, depuis l&rsquo;offre initiale jusqu&rsquo;aux processus de renouvellement.<\/li>\n<\/ul>\n<p>[\/et_pb_text][et_pb_text _builder_version=\u00a0\u00bb4.25.2&Prime; _module_preset=\u00a0\u00bbdefault\u00a0\u00bb text_text_color=\u00a0\u00bb#FFFFFF\u00a0\u00bb header_2_text_color=\u00a0\u00bb#FFFFFF\u00a0\u00bb header_3_text_color=\u00a0\u00bb#FFFFFF\u00a0\u00bb custom_padding=\u00a0\u00bb11px|||||\u00a0\u00bb global_colors_info=\u00a0\u00bb{}\u00a0\u00bb]<\/p>\n<h3>Int\u00e9gration technique et automatisation des flux de travail<\/h3>\n<ul>\n<li>Int\u00e9gration avec le Constructeur : Lien direct avec l&rsquo;application Constructeur pour une gestion facile des services de r\u00e9vision qui garantit que les mises \u00e0 jour apparaissent sur la plateforme en temps r\u00e9el.<\/li>\n<li>Flux de travail automatis\u00e9s pour les ventes : Simplifiez le processus de vente gr\u00e2ce \u00e0 des flux de travail automatis\u00e9s pour l&rsquo;\u00e9tablissement des devis, l&rsquo;ex\u00e9cution des commandes et l&rsquo;exp\u00e9dition, y compris l&rsquo;impression d&rsquo;\u00e9tiquettes et de feuilles de transmission.<\/li>\n<li>Rapports avanc\u00e9s : Offre des capacit\u00e9s des rapports personnalisables, permettant d&rsquo;obtenir des informations d\u00e9taill\u00e9es sur les performances de vente, l&rsquo;engagement des clients et les pr\u00e9visions, ce qui favorise les d\u00e9cisions fond\u00e9es sur les donn\u00e9es et la planification strat\u00e9gique.<\/li>\n<\/ul>\n<p>[\/et_pb_text][\/et_pb_column][et_pb_column type=\u00a0\u00bb1_2&Prime; _builder_version=\u00a0\u00bb4.21.0&Prime; _module_preset=\u00a0\u00bbdefault\u00a0\u00bb global_colors_info=\u00a0\u00bb{}\u00a0\u00bb][et_pb_text _builder_version=\u00a0\u00bb4.25.2&Prime; _module_preset=\u00a0\u00bbdefault\u00a0\u00bb text_text_color=\u00a0\u00bb#FFFFFF\u00a0\u00bb header_2_text_color=\u00a0\u00bb#FFFFFF\u00a0\u00bb header_3_text_color=\u00a0\u00bb#FFFFFF\u00a0\u00bb custom_margin=\u00a0\u00bb||2px|||\u00a0\u00bb global_colors_info=\u00a0\u00bb{}\u00a0\u00bb]<\/p>\n<h3>Gestion des ventes et des clients<\/h3>\n<ul>\n<li>Plate-forme de vente de produits am\u00e9lior\u00e9e : Un outil polyvalent qui rationalise la vente de publications techniques et de fournitures essentielles, en s&rsquo;alignant sur votre strat\u00e9gie de vente.<\/li>\n<li>Gestionnaire des relations avec les clients : Un module int\u00e9gr\u00e9 pour le stockage et la gestion de toutes les informations relatives aux clients.<\/li>\n<\/ul>\n<p>[\/et_pb_text][et_pb_text _builder_version=\u00a0\u00bb4.25.2&Prime; _module_preset=\u00a0\u00bbdefault\u00a0\u00bb text_text_color=\u00a0\u00bb#FFFFFF\u00a0\u00bb header_2_text_color=\u00a0\u00bb#FFFFFF\u00a0\u00bb header_3_text_color=\u00a0\u00bb#FFFFFF\u00a0\u00bb custom_padding=\u00a0\u00bb12px|||||\u00a0\u00bb global_colors_info=\u00a0\u00bb{}\u00a0\u00bb]<\/p>\n<h3>Libre-service et autonomisation des utilisateurs<\/h3>\n<ul>\n<li>Int\u00e9gration au Portail Libre-Service : L&rsquo;int\u00e9gration transparente avec le Portal Libre-Service offre aux clients des capacit\u00e9s de libre-service pour g\u00e9rer leurs abonnements, leurs achats et leurs commandes de mani\u00e8re ind\u00e9pendante.<\/li>\n<li>Contr\u00f4les d&rsquo;acc\u00e8s et de cr\u00e9dit personnalisables : Mettez en place des r\u00e8gles granulaires pour les clients, en fixant des limites de cr\u00e9dit et en d\u00e9terminant l&rsquo;\u00e9tendue des fonctions en libre-service disponibles.<\/li>\n<\/ul>\n<p>[\/et_pb_text][\/et_pb_column][\/et_pb_row][\/et_pb_section][et_pb_section fb_built=\u00a0\u00bb1&Prime; _builder_version=\u00a0\u00bb4.24.2&Prime; _module_preset=\u00a0\u00bbdefault\u00a0\u00bb background_color=\u00a0\u00bb#2a2a2a\u00a0\u00bb custom_padding=\u00a0\u00bb27px|||||\u00a0\u00bb global_colors_info=\u00a0\u00bb{}\u00a0\u00bb][et_pb_row _builder_version=\u00a0\u00bb4.24.2&Prime; _module_preset=\u00a0\u00bbdefault\u00a0\u00bb global_colors_info=\u00a0\u00bb{}\u00a0\u00bb][et_pb_column type=\u00a0\u00bb4_4&Prime; _builder_version=\u00a0\u00bb4.24.2&Prime; _module_preset=\u00a0\u00bbdefault\u00a0\u00bb global_colors_info=\u00a0\u00bb{}\u00a0\u00bb][et_pb_text _builder_version=\u00a0\u00bb4.27.0&Prime; _module_preset=\u00a0\u00bbdefault\u00a0\u00bb text_text_color=\u00a0\u00bb#FFFFFF\u00a0\u00bb text_font_size=\u00a0\u00bb20px\u00a0\u00bb text_line_height=\u00a0\u00bb1.4em\u00a0\u00bb header_text_align=\u00a0\u00bbjustify\u00a0\u00bb header_text_color=\u00a0\u00bb#f8c000&Prime; header_font_size=\u00a0\u00bb41px\u00a0\u00bb header_2_text_color=\u00a0\u00bb#f8c000&Prime; header_2_font_size=\u00a0\u00bb40px\u00a0\u00bb global_colors_info=\u00a0\u00bb{}\u00a0\u00bb]<\/p>\n<h2>NIVOMAX Sales Center<\/h2>\n<p><strong>Avec NIVOMAX, atteignez de nouveaux niveaux d&rsquo;efficacit\u00e9 et d&rsquo;optimisation. Contactez-nous pour un examen approfondi de la fa\u00e7on dont NIVOMAX peut aider votre organisation \u00e0 atteindre de nouveaux niveaux de productivit\u00e9, en gagnant du temps pour aborder les macro-questions strat\u00e9giques qui vous propulseront dans la croissance de votre entreprise. <\/strong><\/p>\n<p>[\/et_pb_text][et_pb_text _builder_version=\u00a0\u00bb4.27.0&Prime; _module_preset=\u00a0\u00bbdefault\u00a0\u00bb text_text_color=\u00a0\u00bb#FFFFFF\u00a0\u00bb text_font_size=\u00a0\u00bb18px\u00a0\u00bb global_colors_info=\u00a0\u00bb{}\u00a0\u00bb]<\/p>\n<p>Le NIVOMAX Sales Center est soutenu par les modules <a href=\"https:\/\/www.nivomax.com\/fr\/visualiseur-ietm-ietp\/\">Viewer<\/a>, <a href=\"https:\/\/www.nivomax.com\/fr\/constructeur-ietp-ietm\/\">Builder<\/a>, <a href=\"https:\/\/www.nivomax.com\/fr\/portail-libre-service\/\">Self Serve Portal<\/a> et de multiples <a href=\"https:\/\/www.nivomax.com\/fr\/modules-dextension\/\">modules d&rsquo;extension<\/a> de notre plateforme.<\/p>\n<p><strong>\u00c0 propos de nous<\/strong><br \/>Chez Synaxiom, nous nous attachons \u00e0 cr\u00e9er des partenariats avec chaque contact que nous d\u00e9veloppons. Nous cherchons \u00e0 offrir un soutien in\u00e9branlable et \u00e0 donner \u00e0 nos partenaires les moyens d&rsquo;agir gr\u00e2ce \u00e0 notre plateforme. Notre mission est d&rsquo;am\u00e9liorer les op\u00e9rations de nos clients avec des solutions logicielles fiables et innovantes et des services de classe mondiale, en nous effor\u00e7ant d&rsquo;\u00eatre votre partenaire de confiance pour naviguer dans les complexit\u00e9s des impl\u00e9mentations IETM\/IETP multi-sp\u00e9cifiques et au-del\u00e0.<\/p>\n<p>[\/et_pb_text][\/et_pb_column][\/et_pb_row][\/et_pb_section]<\/p>\n","protected":false},"excerpt":{"rendered":"<p>Rationaliser les ventes Augmentation des recettes R\u00e9duire les frais g\u00e9n\u00e9raux de votre service de publicit\u00e9 technique.Efficacit\u00e9, int\u00e9gration et automatisation. NIVOMAX Sales Center Transformer les ventes et la gestion des pubs technologiques.Con\u00e7u sp\u00e9cifiquement pour les fabricants (OEM et CM), le NIVOMAX Sales Center g\u00e8re l&rsquo;ensemble du cycle de vente des publications techniques et des produits connexes. [&hellip;]<\/p>\n","protected":false},"author":11,"featured_media":0,"parent":0,"menu_order":0,"comment_status":"closed","ping_status":"closed","template":"","meta":{"_et_pb_use_builder":"on","_et_pb_old_content":"","_et_gb_content_width":"","_monsterinsights_skip_tracking":false,"_monsterinsights_sitenote_active":false,"_monsterinsights_sitenote_note":"","_monsterinsights_sitenote_category":0,"footnotes":""},"class_list":["post-247524","page","type-page","status-publish","hentry"],"jetpack_sharing_enabled":true,"_links":{"self":[{"href":"https:\/\/www.nivomax.com\/fr\/wp-json\/wp\/v2\/pages\/247524","targetHints":{"allow":["GET"]}}],"collection":[{"href":"https:\/\/www.nivomax.com\/fr\/wp-json\/wp\/v2\/pages"}],"about":[{"href":"https:\/\/www.nivomax.com\/fr\/wp-json\/wp\/v2\/types\/page"}],"author":[{"embeddable":true,"href":"https:\/\/www.nivomax.com\/fr\/wp-json\/wp\/v2\/users\/11"}],"replies":[{"embeddable":true,"href":"https:\/\/www.nivomax.com\/fr\/wp-json\/wp\/v2\/comments?post=247524"}],"version-history":[{"count":10,"href":"https:\/\/www.nivomax.com\/fr\/wp-json\/wp\/v2\/pages\/247524\/revisions"}],"predecessor-version":[{"id":247728,"href":"https:\/\/www.nivomax.com\/fr\/wp-json\/wp\/v2\/pages\/247524\/revisions\/247728"}],"wp:attachment":[{"href":"https:\/\/www.nivomax.com\/fr\/wp-json\/wp\/v2\/media?parent=247524"}],"curies":[{"name":"wp","href":"https:\/\/api.w.org\/{rel}","templated":true}]}}