{"id":247512,"date":"2024-04-01T11:38:12","date_gmt":"2024-04-01T15:38:12","guid":{"rendered":"https:\/\/www.nivomax.com\/self-serve-portal\/"},"modified":"2025-09-17T09:36:45","modified_gmt":"2025-09-17T13:36:45","slug":"portail-libre-service","status":"publish","type":"page","link":"https:\/\/www.nivomax.com\/fr\/portail-libre-service\/","title":{"rendered":"Self Serve Portal"},"content":{"rendered":"<p>[et_pb_section fb_built=\u00a0\u00bb1&Prime; custom_padding_last_edited=\u00a0\u00bbon|phone\u00a0\u00bb disabled_on=\u00a0\u00bboff|off|off\u00a0\u00bb _builder_version=\u00a0\u00bb4.24.2&Prime; _module_preset=\u00a0\u00bbdefault\u00a0\u00bb background_color=\u00a0\u00bb#111111&Prime; custom_padding=\u00a0\u00bb3.5vw||0vw||false|false\u00a0\u00bb custom_padding_tablet=\u00a0\u00bb3.5vw||3.5vw||true|false\u00a0\u00bb custom_padding_phone=\u00a0\u00bb6vw||6vw||true|false\u00a0\u00bb top_divider_color=\u00a0\u00bb#000000&Prime; top_divider_height=\u00a0\u00bb36px\u00a0\u00bb top_divider_repeat=\u00a0\u00bb1x\u00a0\u00bb top_divider_flip=\u00a0\u00bbvertical\u00a0\u00bb bottom_divider_style=\u00a0\u00bbslant\u00a0\u00bb bottom_divider_color=\u00a0\u00bb#2a2a2a\u00a0\u00bb bottom_divider_height=\u00a0\u00bb503px\u00a0\u00bb bottom_divider_repeat=\u00a0\u00bb1x\u00a0\u00bb bottom_divider_flip=\u00a0\u00bbvertical\u00a0\u00bb border_width_top=\u00a0\u00bb2px\u00a0\u00bb border_color_top=\u00a0\u00bbrgba(255,255,255,0.11)\u00a0\u00bb global_colors_info=\u00a0\u00bb{}\u00a0\u00bb][et_pb_row column_structure=\u00a0\u00bb1_4,3_4&Prime; make_equal=\u00a0\u00bbon\u00a0\u00bb _builder_version=\u00a0\u00bb4.24.2&Prime; _module_preset=\u00a0\u00bbdefault\u00a0\u00bb custom_margin=\u00a0\u00bb-2px|auto||auto||\u00a0\u00bb custom_padding=\u00a0\u00bb18px||4px|||\u00a0\u00bb global_colors_info=\u00a0\u00bb{}\u00a0\u00bb][et_pb_column type=\u00a0\u00bb1_4&Prime; _builder_version=\u00a0\u00bb4.24.2&Prime; _module_preset=\u00a0\u00bbdefault\u00a0\u00bb custom_css_main_element=\u00a0\u00bbalign-self:flex-end;\u00a0\u00bb global_colors_info=\u00a0\u00bb{}\u00a0\u00bb][et_pb_image src=\u00a0\u00bbhttps:\/\/www.nivomax.com\/wp-content\/uploads\/2021\/11\/cropped-nivomax-icon-4.76x-yellow-1.png\u00a0\u00bb title_text=\u00a0\u00bbcropped-nivomax-icon-4.76x-yellow-1.png\u00a0\u00bb align=\u00a0\u00bbright\u00a0\u00bb align_tablet=\u00a0\u00bbleft\u00a0\u00bb align_phone=\u00a0\u00bbleft\u00a0\u00bb align_last_edited=\u00a0\u00bbon|desktop\u00a0\u00bb _builder_version=\u00a0\u00bb4.24.2&Prime; _module_preset=\u00a0\u00bbdefault\u00a0\u00bb width=\u00a0\u00bb30%\u00a0\u00bb width_tablet=\u00a0\u00bb20%\u00a0\u00bb width_phone=\u00a0\u00bb30%\u00a0\u00bb width_last_edited=\u00a0\u00bbon|phone\u00a0\u00bb global_colors_info=\u00a0\u00bb{}\u00a0\u00bb][\/et_pb_image][et_pb_text _builder_version=\u00a0\u00bb4.25.2&Prime; _module_preset=\u00a0\u00bbdefault\u00a0\u00bb header_font=\u00a0\u00bb||||||||\u00a0\u00bb header_text_align=\u00a0\u00bbright\u00a0\u00bb header_text_color=\u00a0\u00bb#bdbdbd\u00a0\u00bb header_2_text_align=\u00a0\u00bbright\u00a0\u00bb header_2_text_color=\u00a0\u00bb#FFFFFF\u00a0\u00bb header_2_font_size=\u00a0\u00bb18px\u00a0\u00bb header_3_text_align=\u00a0\u00bbright\u00a0\u00bb header_3_text_color=\u00a0\u00bb#FFFFFF\u00a0\u00bb header_3_line_height=\u00a0\u00bb1.3em\u00a0\u00bb header_text_align_tablet=\u00a0\u00bbleft\u00a0\u00bb header_text_align_phone=\u00a0\u00bbleft\u00a0\u00bb header_text_align_last_edited=\u00a0\u00bbon|tablet\u00a0\u00bb header_2_text_align_tablet=\u00a0\u00bbleft\u00a0\u00bb header_2_text_align_phone=\u00a0\u00bbleft\u00a0\u00bb header_2_text_align_last_edited=\u00a0\u00bbon|desktop\u00a0\u00bb header_3_text_align_tablet=\u00a0\u00bbleft\u00a0\u00bb header_3_text_align_phone=\u00a0\u00bbleft\u00a0\u00bb header_3_text_align_last_edited=\u00a0\u00bbon|phone\u00a0\u00bb global_colors_info=\u00a0\u00bb{}\u00a0\u00bb]<\/p>\n<h2>Contr\u00f4les unifi\u00e9s<\/h2>\n<h1>Am\u00e9liorer l&rsquo;agilit\u00e9 de l&rsquo;\u00e9quipe<\/h1>\n<h3>La base d&rsquo;accueil pour votre gestion rationalis\u00e9e des licences, des utilisateurs et des abonnements.<\/h3>\n<p>[\/et_pb_text][et_pb_button button_url=\u00a0\u00bb#get-demo\u00a0\u00bb button_text=\u00a0\u00bbPlanifier une d\u00e9monstration \u00a0\u00bb button_alignment=\u00a0\u00bbleft\u00a0\u00bb disabled_on=\u00a0\u00bboff|off|off\u00a0\u00bb _builder_version=\u00a0\u00bb4.25.2&Prime; _module_preset=\u00a0\u00bbdefault\u00a0\u00bb custom_button=\u00a0\u00bbon\u00a0\u00bb button_bg_color=\u00a0\u00bb#000000&Prime; button_icon_color=\u00a0\u00bb#f8c000&Prime; custom_margin=\u00a0\u00bb0px|0px||0px|false|true\u00a0\u00bb custom_margin_tablet=\u00a0\u00bb0px|0px|7px|0px|false|true\u00a0\u00bb custom_margin_phone=\u00a0\u00bb0px|0px|21px|0px|false|true\u00a0\u00bb custom_margin_last_edited=\u00a0\u00bbon|phone\u00a0\u00bb custom_padding=\u00a0\u00bb||9px|||\u00a0\u00bb animation_direction=\u00a0\u00bbbottom\u00a0\u00bb locked=\u00a0\u00bboff\u00a0\u00bb global_colors_info=\u00a0\u00bb{}\u00a0\u00bb][\/et_pb_button][\/et_pb_column][et_pb_column type=\u00a0\u00bb3_4&Prime; _builder_version=\u00a0\u00bb4.16&Prime; _module_preset=\u00a0\u00bbdefault\u00a0\u00bb global_colors_info=\u00a0\u00bb{}\u00a0\u00bb][et_pb_text _builder_version=\u00a0\u00bb4.27.0&Prime; _module_preset=\u00a0\u00bbdefault\u00a0\u00bb header_font=\u00a0\u00bb||||||||\u00a0\u00bb header_text_color=\u00a0\u00bb#f8c000&Prime; header_font_size=\u00a0\u00bb50px\u00a0\u00bb header_2_text_color=\u00a0\u00bb#FFFFFF\u00a0\u00bb header_2_font_size=\u00a0\u00bb28px\u00a0\u00bb header_3_text_color=\u00a0\u00bb#FFFFFF\u00a0\u00bb header_font_size_tablet=\u00a0\u00bb41px\u00a0\u00bb header_font_size_phone=\u00a0\u00bb38px\u00a0\u00bb header_font_size_last_edited=\u00a0\u00bbon|desktop\u00a0\u00bb global_colors_info=\u00a0\u00bb{}\u00a0\u00bb]<\/p>\n<h3>Autonomie, contr\u00f4le et connaissance.<\/h3>\n<h1>NIVOMAX Self Serve Portal<\/h1>\n<h3>G\u00e9rez vos services et constituez votre \u00e9quipe.<\/h3>\n<p>[\/et_pb_text][et_pb_image src=\u00a0\u00bbhttps:\/\/www.nivomax.com\/wp-content\/uploads\/2024\/04\/nivomax-ssp-001-1.png\u00a0\u00bb title_text=\u00a0\u00bbnivomax-ssp-001&Prime; _builder_version=\u00a0\u00bb4.24.2&Prime; _module_preset=\u00a0\u00bbdefault\u00a0\u00bb global_colors_info=\u00a0\u00bb{}\u00a0\u00bb][\/et_pb_image][et_pb_text _builder_version=\u00a0\u00bb4.27.0&Prime; _module_preset=\u00a0\u00bbdefault\u00a0\u00bb text_text_color=\u00a0\u00bb#FFFFFF\u00a0\u00bb text_font_size=\u00a0\u00bb18px\u00a0\u00bb global_colors_info=\u00a0\u00bb{}\u00a0\u00bb]<\/p>\n<p>Lib\u00e9rez le potentiel de vos abonnements aux publications techniques gr\u00e2ce de le NIVOMAX Self Serve Portal. Con\u00e7u pour maximiser l&rsquo;utilisation des licences, ce portail permet aux \u00e9quipes de disposer de tableaux de bord pertinents pour une vue d&rsquo;ensemble rapide, d&rsquo;un aper\u00e7u d\u00e9taill\u00e9 des activit\u00e9s et de l&rsquo;utilisation, et de la possibilit\u00e9 de constituer des \u00e9quipes inter-organisationnelles. Il offre un acc\u00e8s facile aux d\u00e9tails de l&rsquo;abonnement et la possibilit\u00e9 d&rsquo;accorder un contr\u00f4le d&rsquo;acc\u00e8s granulaire afin de faciliter la collaboration et la vue d&rsquo;ensemble. Poss\u00e8de le niveau suivant de logiciel de gestion des abonnements<\/p>\n<p>[\/et_pb_text][et_pb_text _builder_version=\u00a0\u00bb4.27.0&Prime; _module_preset=\u00a0\u00bbdefault\u00a0\u00bb text_text_color=\u00a0\u00bb#FFFFFF\u00a0\u00bb text_font_size=\u00a0\u00bb18px\u00a0\u00bb header_text_color=\u00a0\u00bb#f8c000&Prime; header_3_text_color=\u00a0\u00bb#f8c000&Prime; global_colors_info=\u00a0\u00bb{}\u00a0\u00bb]<\/p>\n<h3>Pourquoi le Portail Libre-Service NIVOMAX ?<\/h3>\n<p>La gestion des licences de vos pubs technologiques doit \u00eatre transparente. Le NIVOMAX Self Serve Portal pr\u00e9sente des mesures et des indicateurs de performance cl\u00e9s sur un tableau de bord intuitif. Obtenez un aper\u00e7u des licences qui expirent et des tendances en mati\u00e8re d&rsquo;engagement des utilisateurs. NIVOMAX fournit aux administrateurs de licences de donn\u00e9es et aux membres de l&rsquo;\u00e9quipe les outils pour centraliser le contr\u00f4le, favorisant un environnement organis\u00e9 et inform\u00e9 pour la prise de d\u00e9cisions strat\u00e9giques. Passez \u00e0 l&rsquo;\u00e9tape suivante pour am\u00e9liorer l&rsquo;exp\u00e9rience des utilisateurs et maximiser les retours sur investissement.<\/p>\n<p>[\/et_pb_text][\/et_pb_column][\/et_pb_row][\/et_pb_section][et_pb_section fb_built=\u00a0\u00bb1&Prime; custom_padding_last_edited=\u00a0\u00bbon|tablet\u00a0\u00bb _builder_version=\u00a0\u00bb4.21.0&Prime; _module_preset=\u00a0\u00bbdefault\u00a0\u00bb background_color=\u00a0\u00bbRGBA(255,255,255,0)\u00a0\u00bb use_background_color_gradient=\u00a0\u00bbon\u00a0\u00bb background_color_gradient_stops=\u00a0\u00bb#2a2a2a 58%|#151515 100%\u00a0\u00bb background_color_gradient_overlays_image=\u00a0\u00bbon\u00a0\u00bb background_enable_image=\u00a0\u00bboff\u00a0\u00bb background_position=\u00a0\u00bbcenter_right\u00a0\u00bb custom_padding=\u00a0\u00bb2vw||2vw||true|false\u00a0\u00bb custom_padding_tablet=\u00a0\u00bb10vw||10vw||true|false\u00a0\u00bb custom_padding_phone=\u00a0\u00bb10vw||10vw||true|false\u00a0\u00bb background_last_edited=\u00a0\u00bbon|tablet\u00a0\u00bb background_position_tablet=\u00a0\u00bbtop_center\u00a0\u00bb background_position_phone=\u00a0\u00bbtop_center\u00a0\u00bb global_colors_info=\u00a0\u00bb{}\u00a0\u00bb][et_pb_row _builder_version=\u00a0\u00bb4.24.2&Prime; _module_preset=\u00a0\u00bbdefault\u00a0\u00bb custom_margin=\u00a0\u00bb150px||30px||false|false\u00a0\u00bb custom_margin_tablet=\u00a0\u00bb30px||30px||false|false\u00a0\u00bb custom_margin_phone=\u00a0\u00bb30px||30px||false|false\u00a0\u00bb custom_margin_last_edited=\u00a0\u00bbon|desktop\u00a0\u00bb global_colors_info=\u00a0\u00bb{}\u00a0\u00bb][et_pb_column type=\u00a0\u00bb4_4&Prime; _builder_version=\u00a0\u00bb4.21.0&Prime; _module_preset=\u00a0\u00bbdefault\u00a0\u00bb global_colors_info=\u00a0\u00bb{}\u00a0\u00bb][et_pb_text _builder_version=\u00a0\u00bb4.27.0&Prime; _module_preset=\u00a0\u00bbdefault\u00a0\u00bb text_text_color=\u00a0\u00bb#FFFFFF\u00a0\u00bb text_font_size=\u00a0\u00bb20px\u00a0\u00bb text_line_height=\u00a0\u00bb1.4em\u00a0\u00bb header_text_align=\u00a0\u00bbjustify\u00a0\u00bb header_text_color=\u00a0\u00bb#f8c000&Prime; header_font_size=\u00a0\u00bb41px\u00a0\u00bb hover_enabled=\u00a0\u00bb0&Prime; global_colors_info=\u00a0\u00bb{}\u00a0\u00bb sticky_enabled=\u00a0\u00bb0&Prime;]<\/p>\n<h1>Portail Libre-Service NIVOMAX<\/h1>\n<p>Transformant la fa\u00e7on dont les organisations g\u00e8rent les publications techniques, NIVOMAX Self Serve Portal centralise la supervision des licences et des abonnements en une seule application conviviale : ne perdez jamais la trace d&rsquo;un autre abonnement et assurez l&rsquo;optimisation des retours. Il offre des informations exploitables pour l&rsquo;optimisation des ressources, am\u00e9liore la collaboration entre les \u00e9quipes et garantit un acc\u00e8s imm\u00e9diat aux donn\u00e9es techniques. En simplifiant les t\u00e2ches administratives et en offrant aux utilisateurs un portail de licences intelligent, qui leur donne l&rsquo;autonomie sur leurs actifs num\u00e9riques, le portail en libre-service devient un outil indispensable dans l&rsquo;industrie a\u00e9ronautique d&rsquo;aujourd&rsquo;hui. Faites l&rsquo;exp\u00e9rience de la transformation de l&rsquo;exp\u00e9rience utilisateur et obtenez la capacit\u00e9 de consacrer du temps aux questions macro pour amener votre organisation au niveau suivant.<\/p>\n<p>[\/et_pb_text][\/et_pb_column][\/et_pb_row][et_pb_row column_structure=\u00a0\u00bb1_3,1_3,1_3&Prime; use_custom_gutter=\u00a0\u00bbon\u00a0\u00bb gutter_width=\u00a0\u00bb2&Prime; make_equal=\u00a0\u00bbon\u00a0\u00bb _builder_version=\u00a0\u00bb4.21.0&Prime; _module_preset=\u00a0\u00bbdefault\u00a0\u00bb background_enable_color=\u00a0\u00bboff\u00a0\u00bb min_height=\u00a0\u00bb298.5px\u00a0\u00bb custom_padding=\u00a0\u00bb||1vw||false|false\u00a0\u00bb locked=\u00a0\u00bboff\u00a0\u00bb global_colors_info=\u00a0\u00bb{}\u00a0\u00bb][et_pb_column type=\u00a0\u00bb1_3&Prime; _builder_version=\u00a0\u00bb4.21.0&Prime; _module_preset=\u00a0\u00bbdefault\u00a0\u00bb custom_css_main_element=\u00a0\u00bb padding: 25px;||  margin-bottom: 1em;||  line-height: 1.4;||background-color:#000;||border-radius:15px\u00a0\u00bb global_colors_info=\u00a0\u00bb{}\u00a0\u00bb][et_pb_text _builder_version=\u00a0\u00bb4.25.2&Prime; _module_preset=\u00a0\u00bbdefault\u00a0\u00bb text_text_color=\u00a0\u00bb#FFFFFF\u00a0\u00bb text_font_size=\u00a0\u00bb17px\u00a0\u00bb header_font=\u00a0\u00bbAdam|||on|||||\u00a0\u00bb header_text_align=\u00a0\u00bbcenter\u00a0\u00bb header_text_color=\u00a0\u00bb#f8c000&Prime; header_font_size=\u00a0\u00bb45px\u00a0\u00bb header_2_font=\u00a0\u00bb||||||||\u00a0\u00bb header_2_text_align=\u00a0\u00bbcenter\u00a0\u00bb header_2_text_color=\u00a0\u00bb#FFFFFF\u00a0\u00bb header_2_font_size=\u00a0\u00bb32px\u00a0\u00bb header_3_text_color=\u00a0\u00bb#f8c000&Prime; header_3_font_size=\u00a0\u00bb19px\u00a0\u00bb text_orientation=\u00a0\u00bbcenter\u00a0\u00bb global_colors_info=\u00a0\u00bb{}\u00a0\u00bb]<\/p>\n<h2>Gestion centralis\u00e9e<\/h2>\n<h3>Votre base d&rsquo;accueil<\/h3>\n<p>Consolidation de tous les aspects des mesures de contr\u00f4le d&rsquo;acc\u00e8s &#8211; surveillance des licences et des abonnements, offrant une vue d&rsquo;ensemble en un seul endroit.<\/p>\n<p>[\/et_pb_text][\/et_pb_column][et_pb_column type=\u00a0\u00bb1_3&Prime; _builder_version=\u00a0\u00bb4.21.0&Prime; _module_preset=\u00a0\u00bbdefault\u00a0\u00bb custom_css_main_element=\u00a0\u00bb padding: 25px;||  margin-bottom: 1em;||  line-height: 1.4;||background-color:#000;||border-radius:15px;\u00a0\u00bb global_colors_info=\u00a0\u00bb{}\u00a0\u00bb][et_pb_text _builder_version=\u00a0\u00bb4.25.2&Prime; _module_preset=\u00a0\u00bbdefault\u00a0\u00bb text_text_color=\u00a0\u00bb#FFFFFF\u00a0\u00bb text_font_size=\u00a0\u00bb17px\u00a0\u00bb header_font=\u00a0\u00bbAdam|||on|||||\u00a0\u00bb header_text_align=\u00a0\u00bbcenter\u00a0\u00bb header_text_color=\u00a0\u00bb#f8c000&Prime; header_font_size=\u00a0\u00bb45px\u00a0\u00bb header_2_font=\u00a0\u00bb||||||||\u00a0\u00bb header_2_text_align=\u00a0\u00bbcenter\u00a0\u00bb header_2_text_color=\u00a0\u00bb#FFFFFF\u00a0\u00bb header_2_font_size=\u00a0\u00bb32px\u00a0\u00bb header_3_text_color=\u00a0\u00bb#f8c000&Prime; header_3_font_size=\u00a0\u00bb19px\u00a0\u00bb text_orientation=\u00a0\u00bbcenter\u00a0\u00bb global_colors_info=\u00a0\u00bb{}\u00a0\u00bb]<\/p>\n<h2>Des analyses perspicaces<\/h2>\n<h3>Tableau de bord<\/h3>\n<p>Offre une vision approfondie de l&rsquo;utilisation des ressources, de l&rsquo;expiration des abonnements et de l&rsquo;engagement des utilisateurs, facilitant ainsi une prise de d\u00e9cision \u00e9clair\u00e9e qui fournira les informations strat\u00e9giques n\u00e9cessaires pour faire passer votre entreprise \u00e0 la vitesse sup\u00e9rieure.<\/p>\n<p>[\/et_pb_text][\/et_pb_column][et_pb_column type=\u00a0\u00bb1_3&Prime; _builder_version=\u00a0\u00bb4.21.0&Prime; _module_preset=\u00a0\u00bbdefault\u00a0\u00bb custom_css_main_element=\u00a0\u00bb padding: 25px;||  margin-bottom: 1em;||  line-height: 1.4;||background-color:#000;||border-radius:15px;\u00a0\u00bb global_colors_info=\u00a0\u00bb{}\u00a0\u00bb][et_pb_text _builder_version=\u00a0\u00bb4.25.2&Prime; _module_preset=\u00a0\u00bbdefault\u00a0\u00bb text_text_color=\u00a0\u00bb#FFFFFF\u00a0\u00bb text_font_size=\u00a0\u00bb17px\u00a0\u00bb header_font=\u00a0\u00bbAdam|||on|||||\u00a0\u00bb header_text_align=\u00a0\u00bbcenter\u00a0\u00bb header_text_color=\u00a0\u00bb#f8c000&Prime; header_font_size=\u00a0\u00bb45px\u00a0\u00bb header_2_font=\u00a0\u00bb||||||||\u00a0\u00bb header_2_text_align=\u00a0\u00bbcenter\u00a0\u00bb header_2_text_color=\u00a0\u00bb#FFFFFF\u00a0\u00bb header_2_font_size=\u00a0\u00bb32px\u00a0\u00bb header_3_text_color=\u00a0\u00bb#f8c000&Prime; header_3_font_size=\u00a0\u00bb19px\u00a0\u00bb text_orientation=\u00a0\u00bbcenter\u00a0\u00bb global_colors_info=\u00a0\u00bb{}\u00a0\u00bb]<\/p>\n<h2>Les \u00e9quipes<\/h2>\n<h3>Collaboration rationalis\u00e9e<\/h3>\n<p>Rationalise le processus de constitution et de gestion d&rsquo;\u00e9quipes inter-organisationnelles, en am\u00e9liorant la collaboration et l&rsquo;efficacit\u00e9. Cr\u00e9ez facilement un meilleur environnement de travail pour les \u00e9quipes, en renfor\u00e7ant la coh\u00e9sion au sein de l&rsquo;organisation ainsi qu&rsquo;entre les organisations partenaires.<\/p>\n<p>[\/et_pb_text][\/et_pb_column][\/et_pb_row][\/et_pb_section][et_pb_section fb_built=\u00a0\u00bb1&Prime; _builder_version=\u00a0\u00bb4.24.2&Prime; _module_preset=\u00a0\u00bbdefault\u00a0\u00bb background_color=\u00a0\u00bb#0c0c0c\u00a0\u00bb custom_padding=\u00a0\u00bb46px|||||\u00a0\u00bb global_colors_info=\u00a0\u00bb{}\u00a0\u00bb][et_pb_row _builder_version=\u00a0\u00bb4.21.0&Prime; _module_preset=\u00a0\u00bbdefault\u00a0\u00bb global_colors_info=\u00a0\u00bb{}\u00a0\u00bb][et_pb_column type=\u00a0\u00bb4_4&Prime; _builder_version=\u00a0\u00bb4.21.0&Prime; _module_preset=\u00a0\u00bbdefault\u00a0\u00bb global_colors_info=\u00a0\u00bb{}\u00a0\u00bb][et_pb_text _builder_version=\u00a0\u00bb4.25.2&Prime; _module_preset=\u00a0\u00bbdefault\u00a0\u00bb header_text_color=\u00a0\u00bb#FFFFFF\u00a0\u00bb header_font_size=\u00a0\u00bb50px\u00a0\u00bb header_2_text_color=\u00a0\u00bb#f8c000&Prime; custom_margin=\u00a0\u00bb||-12px|||\u00a0\u00bb global_colors_info=\u00a0\u00bb{}\u00a0\u00bb]<\/p>\n<h1>Points forts<\/h1>\n<h2>N&rsquo;h\u00e9sitez pas \u00e0 nous contacter pour obtenir une copie de la fiche technique compl\u00e8te du produit.<\/h2>\n<p>[\/et_pb_text][\/et_pb_column][\/et_pb_row][et_pb_row column_structure=\u00a0\u00bb1_2,1_2&Prime; _builder_version=\u00a0\u00bb4.21.0&Prime; _module_preset=\u00a0\u00bbdefault\u00a0\u00bb custom_padding=\u00a0\u00bb8px||48px|||\u00a0\u00bb global_colors_info=\u00a0\u00bb{}\u00a0\u00bb][et_pb_column type=\u00a0\u00bb1_2&Prime; _builder_version=\u00a0\u00bb4.21.0&Prime; _module_preset=\u00a0\u00bbdefault\u00a0\u00bb global_colors_info=\u00a0\u00bb{}\u00a0\u00bb][et_pb_text _builder_version=\u00a0\u00bb4.25.2&Prime; _module_preset=\u00a0\u00bbdefault\u00a0\u00bb text_text_color=\u00a0\u00bb#FFFFFF\u00a0\u00bb header_2_text_color=\u00a0\u00bb#FFFFFF\u00a0\u00bb header_3_text_color=\u00a0\u00bb#FFFFFF\u00a0\u00bb custom_margin=\u00a0\u00bb||0px|||\u00a0\u00bb global_colors_info=\u00a0\u00bb{}\u00a0\u00bb]<\/p>\n<h2>Op\u00e9rations unifi\u00e9es<\/h2>\n<ul>\n<li>Tableau de bord tout-en-un : Un hub central pour g\u00e9rer efficacement les licences et les abonnements.<\/li>\n<li>Gestion directe : Modifiez ou renouvelez facilement les actifs directement dans la plateforme.<\/li>\n<li>Des processus facilit\u00e9s : Minimisez les efforts administratifs gr\u00e2ce \u00e0 une gestion intuitive des ressources num\u00e9riques.<\/li>\n<\/ul>\n<p>[\/et_pb_text][et_pb_text _builder_version=\u00a0\u00bb4.25.2&Prime; _module_preset=\u00a0\u00bbdefault\u00a0\u00bb text_text_color=\u00a0\u00bb#FFFFFF\u00a0\u00bb header_2_text_color=\u00a0\u00bb#FFFFFF\u00a0\u00bb header_3_text_color=\u00a0\u00bb#FFFFFF\u00a0\u00bb custom_padding=\u00a0\u00bb12px||0px|||\u00a0\u00bb global_colors_info=\u00a0\u00bb{}\u00a0\u00bb]<\/p>\n<h2>Cadre de collaboration<\/h2>\n<ul>\n<li>Mise en place rapide des \u00e9quipes : Constituez rapidement des \u00e9quipes en attribuant des r\u00f4les clairs et des niveaux d&rsquo;acc\u00e8s valid\u00e9s par la s\u00e9curit\u00e9 IAM.<\/li>\n<li>\u00a0Synergie interd\u00e9partementale : Permettre une collaboration transparente au-del\u00e0 des fronti\u00e8res de l&rsquo;organisation.<\/li>\n<li>Un contr\u00f4le clair : Assurez la transparence gr\u00e2ce \u00e0 des vues d\u00e9taill\u00e9es de l&rsquo;utilisation et de l&rsquo;activit\u00e9 des licences de l&rsquo;\u00e9quipe.<\/li>\n<\/ul>\n<p>[\/et_pb_text][\/et_pb_column][et_pb_column type=\u00a0\u00bb1_2&Prime; _builder_version=\u00a0\u00bb4.21.0&Prime; _module_preset=\u00a0\u00bbdefault\u00a0\u00bb global_colors_info=\u00a0\u00bb{}\u00a0\u00bb][et_pb_text _builder_version=\u00a0\u00bb4.25.2&Prime; _module_preset=\u00a0\u00bbdefault\u00a0\u00bb text_text_color=\u00a0\u00bb#FFFFFF\u00a0\u00bb header_2_text_color=\u00a0\u00bb#FFFFFF\u00a0\u00bb header_3_text_color=\u00a0\u00bb#FFFFFF\u00a0\u00bb global_colors_info=\u00a0\u00bb{}\u00a0\u00bb]<\/p>\n<h2>Perspectives strat\u00e9giques<\/h2>\n<ul>\n<li>Analyse de l&rsquo;optimisation : Exploiter les donn\u00e9es pour une distribution et une planification plus intelligentes des ressources.<\/li>\n<li>Tendances d&rsquo;utilisation : D\u00e9tecter les tendances pour mieux comprendre et pr\u00e9voir les besoins en mati\u00e8re de licences.<\/li>\n<li>Syst\u00e8me d&rsquo;alerte : Gardez une longueur d&rsquo;avance en recevant des notifications sur les \u00e9ch\u00e9ances critiques en mati\u00e8re de licences et d&rsquo;abonnements.<\/li>\n<\/ul>\n<p>[\/et_pb_text][\/et_pb_column][\/et_pb_row][\/et_pb_section][et_pb_section fb_built=\u00a0\u00bb1&Prime; _builder_version=\u00a0\u00bb4.24.2&Prime; _module_preset=\u00a0\u00bbdefault\u00a0\u00bb background_color=\u00a0\u00bb#2a2a2a\u00a0\u00bb custom_padding=\u00a0\u00bb27px|||||\u00a0\u00bb global_colors_info=\u00a0\u00bb{}\u00a0\u00bb][et_pb_row _builder_version=\u00a0\u00bb4.24.2&Prime; _module_preset=\u00a0\u00bbdefault\u00a0\u00bb global_colors_info=\u00a0\u00bb{}\u00a0\u00bb][et_pb_column type=\u00a0\u00bb4_4&Prime; _builder_version=\u00a0\u00bb4.24.2&Prime; _module_preset=\u00a0\u00bbdefault\u00a0\u00bb global_colors_info=\u00a0\u00bb{}\u00a0\u00bb][et_pb_text _builder_version=\u00a0\u00bb4.27.0&Prime; _module_preset=\u00a0\u00bbdefault\u00a0\u00bb text_text_color=\u00a0\u00bb#FFFFFF\u00a0\u00bb text_font_size=\u00a0\u00bb20px\u00a0\u00bb text_line_height=\u00a0\u00bb1.4em\u00a0\u00bb header_text_align=\u00a0\u00bbjustify\u00a0\u00bb header_text_color=\u00a0\u00bb#f8c000&Prime; header_font_size=\u00a0\u00bb41px\u00a0\u00bb header_2_text_color=\u00a0\u00bb#f8c000&Prime; header_2_font_size=\u00a0\u00bb40px\u00a0\u00bb global_colors_info=\u00a0\u00bb{}\u00a0\u00bb]<\/p>\n<h2>NIVOMAX Serve Self Portal<\/h2>\n<p><strong>Le NIVOMAX Self Serve Portal transforme l&rsquo;exp\u00e9rience de l&rsquo;utilisateur et la capacit\u00e9 d&rsquo;obtenir des informations \u00e0 partir des donn\u00e9es : NIVOMAX offre une solution r\u00e9volutionnaire \u00e0 des probl\u00e8mes s\u00e9culaires dans l&rsquo;industrie. Ne perdez plus jamais de vue un abonnement et offrez aux utilisateurs finaux une exp\u00e9rience nouvelle et am\u00e9lior\u00e9e.<\/strong><\/p>\n<p>[\/et_pb_text][et_pb_text _builder_version=\u00a0\u00bb4.27.0&Prime; _module_preset=\u00a0\u00bbdefault\u00a0\u00bb text_text_color=\u00a0\u00bb#FFFFFF\u00a0\u00bb text_font_size=\u00a0\u00bb18px\u00a0\u00bb global_colors_info=\u00a0\u00bb{}\u00a0\u00bb]<\/p>\n<p>Le NIVOMAX Self Serve Portal est soutenu par le <a href=\"https:\/\/www.nivomax.com\/fr\/visualiseur-ietm-ietp\/\">Viewer<\/a>, le <a href=\"https:\/\/www.nivomax.com\/fr\/constructeur-ietp-ietm\/\">Builder<\/a>, le <a href=\"https:\/\/www.nivomax.com\/fr\/centre-de-vente\/\">Sales Center<\/a> et de nombreux <a href=\"https:\/\/www.nivomax.com\/fr\/modules-dextension\/\">modules d&rsquo;extension<\/a> de notre plateforme. Notre \u00e9quipe est disponible pour fournir tous les d\u00e9tails et r\u00e9pondre \u00e0 toutes les questions. Contactez-nous d\u00e8s aujourd&rsquo;hui pour plus d&rsquo;informations ou pour une d\u00e9monstration.<\/p>\n<p><strong>\u00c0 propos de nous<\/strong><br \/>Chez Synaxiom, nous nous attachons \u00e0 cr\u00e9er des partenariats avec chaque contact que nous d\u00e9veloppons. Nous cherchons \u00e0 offrir un soutien in\u00e9branlable et \u00e0 donner \u00e0 nos partenaires les moyens d&rsquo;agir gr\u00e2ce \u00e0 notre plateforme. Notre mission est d&rsquo;am\u00e9liorer les op\u00e9rations de nos clients avec des solutions logicielles fiables et innovantes et des services de classe mondiale, en nous effor\u00e7ant d&rsquo;\u00eatre votre partenaire de confiance pour naviguer dans les complexit\u00e9s des impl\u00e9mentations IETM\/IETP multi-sp\u00e9cifiques et au-del\u00e0.<\/p>\n<p>[\/et_pb_text][\/et_pb_column][\/et_pb_row][\/et_pb_section]<\/p>\n","protected":false},"excerpt":{"rendered":"<p>Contr\u00f4les unifi\u00e9s Am\u00e9liorer l&rsquo;agilit\u00e9 de l&rsquo;\u00e9quipe La base d&rsquo;accueil pour votre gestion rationalis\u00e9e des licences, des utilisateurs et des abonnements.Autonomie, contr\u00f4le et connaissance. NIVOMAX Self Serve Portal G\u00e9rez vos services et constituez votre \u00e9quipe.Lib\u00e9rez le potentiel de vos abonnements aux publications techniques gr\u00e2ce de le NIVOMAX Self Serve Portal. Con\u00e7u pour maximiser l&rsquo;utilisation des licences, [&hellip;]<\/p>\n","protected":false},"author":11,"featured_media":0,"parent":0,"menu_order":0,"comment_status":"closed","ping_status":"closed","template":"","meta":{"_et_pb_use_builder":"on","_et_pb_old_content":"","_et_gb_content_width":"","_monsterinsights_skip_tracking":false,"_monsterinsights_sitenote_active":false,"_monsterinsights_sitenote_note":"","_monsterinsights_sitenote_category":0,"footnotes":""},"class_list":["post-247512","page","type-page","status-publish","hentry"],"jetpack_sharing_enabled":true,"_links":{"self":[{"href":"https:\/\/www.nivomax.com\/fr\/wp-json\/wp\/v2\/pages\/247512","targetHints":{"allow":["GET"]}}],"collection":[{"href":"https:\/\/www.nivomax.com\/fr\/wp-json\/wp\/v2\/pages"}],"about":[{"href":"https:\/\/www.nivomax.com\/fr\/wp-json\/wp\/v2\/types\/page"}],"author":[{"embeddable":true,"href":"https:\/\/www.nivomax.com\/fr\/wp-json\/wp\/v2\/users\/11"}],"replies":[{"embeddable":true,"href":"https:\/\/www.nivomax.com\/fr\/wp-json\/wp\/v2\/comments?post=247512"}],"version-history":[{"count":11,"href":"https:\/\/www.nivomax.com\/fr\/wp-json\/wp\/v2\/pages\/247512\/revisions"}],"predecessor-version":[{"id":247726,"href":"https:\/\/www.nivomax.com\/fr\/wp-json\/wp\/v2\/pages\/247512\/revisions\/247726"}],"wp:attachment":[{"href":"https:\/\/www.nivomax.com\/fr\/wp-json\/wp\/v2\/media?parent=247512"}],"curies":[{"name":"wp","href":"https:\/\/api.w.org\/{rel}","templated":true}]}}