{"id":247501,"date":"2024-04-01T16:05:53","date_gmt":"2024-04-01T20:05:53","guid":{"rendered":"https:\/\/www.nivomax.com\/extension-modules\/"},"modified":"2025-09-17T09:36:38","modified_gmt":"2025-09-17T13:36:38","slug":"modules-dextension","status":"publish","type":"page","link":"https:\/\/www.nivomax.com\/fr\/modules-dextension\/","title":{"rendered":"Modules d&rsquo;extension"},"content":{"rendered":"<p>[et_pb_section fb_built=\u00a0\u00bb1&Prime; custom_padding_last_edited=\u00a0\u00bbon|phone\u00a0\u00bb disabled_on=\u00a0\u00bboff|off|off\u00a0\u00bb _builder_version=\u00a0\u00bb4.24.2&Prime; _module_preset=\u00a0\u00bbdefault\u00a0\u00bb background_color=\u00a0\u00bb#111111&Prime; custom_padding=\u00a0\u00bb3.5vw||0vw||false|false\u00a0\u00bb custom_padding_tablet=\u00a0\u00bb3.5vw||3.5vw||true|false\u00a0\u00bb custom_padding_phone=\u00a0\u00bb6vw||6vw||true|false\u00a0\u00bb top_divider_color=\u00a0\u00bb#000000&Prime; top_divider_height=\u00a0\u00bb36px\u00a0\u00bb top_divider_repeat=\u00a0\u00bb1x\u00a0\u00bb top_divider_flip=\u00a0\u00bbvertical\u00a0\u00bb bottom_divider_style=\u00a0\u00bbslant\u00a0\u00bb bottom_divider_color=\u00a0\u00bb#2a2a2a\u00a0\u00bb bottom_divider_height=\u00a0\u00bb503px\u00a0\u00bb bottom_divider_repeat=\u00a0\u00bb1x\u00a0\u00bb bottom_divider_flip=\u00a0\u00bbvertical\u00a0\u00bb border_width_top=\u00a0\u00bb2px\u00a0\u00bb border_color_top=\u00a0\u00bbrgba(255,255,255,0.11)\u00a0\u00bb global_colors_info=\u00a0\u00bb{}\u00a0\u00bb][et_pb_row column_structure=\u00a0\u00bb1_4,3_4&Prime; make_equal=\u00a0\u00bbon\u00a0\u00bb _builder_version=\u00a0\u00bb4.24.2&Prime; _module_preset=\u00a0\u00bbdefault\u00a0\u00bb custom_margin=\u00a0\u00bb-2px|auto||auto||\u00a0\u00bb custom_padding=\u00a0\u00bb18px||4px|||\u00a0\u00bb global_colors_info=\u00a0\u00bb{}\u00a0\u00bb][et_pb_column type=\u00a0\u00bb1_4&Prime; _builder_version=\u00a0\u00bb4.24.2&Prime; _module_preset=\u00a0\u00bbdefault\u00a0\u00bb custom_css_main_element=\u00a0\u00bbalign-self:flex-end;\u00a0\u00bb global_colors_info=\u00a0\u00bb{}\u00a0\u00bb][et_pb_image src=\u00a0\u00bbhttps:\/\/www.nivomax.com\/wp-content\/uploads\/2021\/11\/cropped-nivomax-icon-4.76x-yellow-1.png\u00a0\u00bb title_text=\u00a0\u00bbcropped-nivomax-icon-4.76x-yellow-1.png\u00a0\u00bb align_tablet=\u00a0\u00bbleft\u00a0\u00bb align_phone=\u00a0\u00bbleft\u00a0\u00bb align_last_edited=\u00a0\u00bbon|phone\u00a0\u00bb _builder_version=\u00a0\u00bb4.25.2&Prime; _module_preset=\u00a0\u00bbdefault\u00a0\u00bb width=\u00a0\u00bb30%\u00a0\u00bb width_tablet=\u00a0\u00bb20%\u00a0\u00bb width_phone=\u00a0\u00bb30%\u00a0\u00bb width_last_edited=\u00a0\u00bbon|phone\u00a0\u00bb global_colors_info=\u00a0\u00bb{}\u00a0\u00bb][\/et_pb_image][et_pb_text _builder_version=\u00a0\u00bb4.25.2&Prime; _module_preset=\u00a0\u00bbdefault\u00a0\u00bb header_font=\u00a0\u00bb||||||||\u00a0\u00bb header_text_color=\u00a0\u00bb#bdbdbd\u00a0\u00bb header_2_text_color=\u00a0\u00bb#FFFFFF\u00a0\u00bb header_2_font_size=\u00a0\u00bb18px\u00a0\u00bb header_3_text_color=\u00a0\u00bb#FFFFFF\u00a0\u00bb header_3_line_height=\u00a0\u00bb1.3em\u00a0\u00bb global_colors_info=\u00a0\u00bb{}\u00a0\u00bb]<\/p>\n<h2>Extension<\/h2>\n<h1>Au-del\u00e0 de l&rsquo;essentiel<\/h1>\n<h3><span>Boostez votre exp\u00e9rience NIVOMAX avec des modules d&rsquo;extension sur mesure.<\/span><\/h3>\n<p>[\/et_pb_text][et_pb_button button_url=\u00a0\u00bb#get-demo\u00a0\u00bb button_text=\u00a0\u00bbPlanifier une d\u00e9monstration \u00a0\u00bb button_alignment=\u00a0\u00bbleft\u00a0\u00bb disabled_on=\u00a0\u00bboff|off|off\u00a0\u00bb _builder_version=\u00a0\u00bb4.25.2&Prime; _module_preset=\u00a0\u00bbdefault\u00a0\u00bb custom_button=\u00a0\u00bbon\u00a0\u00bb button_bg_color=\u00a0\u00bb#000000&Prime; button_icon_color=\u00a0\u00bb#f8c000&Prime; custom_margin=\u00a0\u00bb0px|0px||0px|false|true\u00a0\u00bb custom_margin_tablet=\u00a0\u00bb0px|0px|7px|0px|false|true\u00a0\u00bb custom_margin_phone=\u00a0\u00bb0px|0px|21px|0px|false|true\u00a0\u00bb custom_margin_last_edited=\u00a0\u00bbon|phone\u00a0\u00bb custom_padding=\u00a0\u00bb||9px|||\u00a0\u00bb animation_direction=\u00a0\u00bbbottom\u00a0\u00bb locked=\u00a0\u00bboff\u00a0\u00bb global_colors_info=\u00a0\u00bb{}\u00a0\u00bb][\/et_pb_button][\/et_pb_column][et_pb_column type=\u00a0\u00bb3_4&Prime; _builder_version=\u00a0\u00bb4.16&Prime; _module_preset=\u00a0\u00bbdefault\u00a0\u00bb global_colors_info=\u00a0\u00bb{}\u00a0\u00bb][et_pb_text _builder_version=\u00a0\u00bb4.25.2&Prime; _module_preset=\u00a0\u00bbdefault\u00a0\u00bb header_font=\u00a0\u00bb||||||||\u00a0\u00bb header_text_color=\u00a0\u00bb#f8c000&Prime; header_font_size=\u00a0\u00bb50px\u00a0\u00bb header_2_text_color=\u00a0\u00bb#FFFFFF\u00a0\u00bb header_2_font_size=\u00a0\u00bb28px\u00a0\u00bb header_3_text_color=\u00a0\u00bb#FFFFFF\u00a0\u00bb hover_enabled=\u00a0\u00bb0&Prime; header_font_size_tablet=\u00a0\u00bb43px\u00a0\u00bb header_font_size_phone=\u00a0\u00bb31px\u00a0\u00bb header_font_size_last_edited=\u00a0\u00bbon|tablet\u00a0\u00bb global_colors_info=\u00a0\u00bb{}\u00a0\u00bb sticky_enabled=\u00a0\u00bb0&Prime;]<\/p>\n<h3>\u00c9tendre, am\u00e9liorer et rationaliser.<\/h3>\n<h1>Modules d&rsquo;extension NIVOMAX<\/h1>\n<h3><span>Faire plus avec l&rsquo;\u00e9cosyst\u00e8me extensible de NIVOMAX<\/span><\/h3>\n<p>[\/et_pb_text][et_pb_image src=\u00a0\u00bbhttps:\/\/www.nivomax.com\/wp-content\/uploads\/2024\/04\/ext-modules-02.png\u00a0\u00bb title_text=\u00a0\u00bbext-modules-02&Prime; _builder_version=\u00a0\u00bb4.24.2&Prime; _module_preset=\u00a0\u00bbdefault\u00a0\u00bb global_colors_info=\u00a0\u00bb{}\u00a0\u00bb][\/et_pb_image][et_pb_text _builder_version=\u00a0\u00bb4.25.2&Prime; _module_preset=\u00a0\u00bbdefault\u00a0\u00bb text_text_color=\u00a0\u00bb#FFFFFF\u00a0\u00bb text_font_size=\u00a0\u00bb18px\u00a0\u00bb hover_enabled=\u00a0\u00bb0&Prime; global_colors_info=\u00a0\u00bb{}\u00a0\u00bb sticky_enabled=\u00a0\u00bb0&Prime;]<\/p>\n<p>D\u00e9bloquez des fonctionnalit\u00e9s am\u00e9lior\u00e9es gr\u00e2ce \u00e0 notre s\u00e9lection de modules d&rsquo;extension. Chaque module est con\u00e7u pour am\u00e9liorer l&rsquo;exp\u00e9rience de l&rsquo;utilisateur, rationaliser les flux de travail et fournir des outils sophistiqu\u00e9s pour g\u00e9rer les publications techniques et l&rsquo;engagement des utilisateurs. Personnalisez votre exp\u00e9rience NIVOMAX en s\u00e9lectionnant chaque module qui vous permettra d&rsquo;amener votre entreprise \u00e0 un niveau sup\u00e9rieur.<\/p>\n<p>[\/et_pb_text][\/et_pb_column][\/et_pb_row][\/et_pb_section][et_pb_section fb_built=\u00a0\u00bb1&Prime; custom_padding_last_edited=\u00a0\u00bbon|desktop\u00a0\u00bb _builder_version=\u00a0\u00bb4.24.2&Prime; _module_preset=\u00a0\u00bbdefault\u00a0\u00bb background_color=\u00a0\u00bbRGBA(255,255,255,0)\u00a0\u00bb use_background_color_gradient=\u00a0\u00bbon\u00a0\u00bb background_color_gradient_stops=\u00a0\u00bb#2a2a2a 58%|#151515 100%\u00a0\u00bb background_color_gradient_overlays_image=\u00a0\u00bbon\u00a0\u00bb background_enable_image=\u00a0\u00bboff\u00a0\u00bb background_position=\u00a0\u00bbcenter_right\u00a0\u00bb custom_padding=\u00a0\u00bb5vw||7vw||false|false\u00a0\u00bb custom_padding_tablet=\u00a0\u00bb10vw||10vw||true|false\u00a0\u00bb custom_padding_phone=\u00a0\u00bb10vw||20vw||false|false\u00a0\u00bb background_last_edited=\u00a0\u00bbon|tablet\u00a0\u00bb background_position_tablet=\u00a0\u00bbtop_center\u00a0\u00bb background_position_phone=\u00a0\u00bbtop_center\u00a0\u00bb global_colors_info=\u00a0\u00bb{}\u00a0\u00bb][et_pb_row _builder_version=\u00a0\u00bb4.24.2&Prime; _module_preset=\u00a0\u00bbdefault\u00a0\u00bb custom_margin=\u00a0\u00bb29px|auto|10px|auto|false|false\u00a0\u00bb custom_margin_tablet=\u00a0\u00bb30px||30px||false|false\u00a0\u00bb custom_margin_phone=\u00a0\u00bb2px|auto|20px|auto|false|false\u00a0\u00bb custom_margin_last_edited=\u00a0\u00bbon|desktop\u00a0\u00bb custom_padding=\u00a0\u00bb||1px|||\u00a0\u00bb global_colors_info=\u00a0\u00bb{}\u00a0\u00bb][et_pb_column type=\u00a0\u00bb4_4&Prime; _builder_version=\u00a0\u00bb4.21.0&Prime; _module_preset=\u00a0\u00bbdefault\u00a0\u00bb global_colors_info=\u00a0\u00bb{}\u00a0\u00bb][et_pb_text _builder_version=\u00a0\u00bb4.25.2&Prime; _module_preset=\u00a0\u00bbdefault\u00a0\u00bb text_text_color=\u00a0\u00bb#FFFFFF\u00a0\u00bb text_font_size=\u00a0\u00bb20px\u00a0\u00bb text_line_height=\u00a0\u00bb1.4em\u00a0\u00bb header_text_align=\u00a0\u00bbjustify\u00a0\u00bb header_text_color=\u00a0\u00bb#f8c000&Prime; header_font_size=\u00a0\u00bb34px\u00a0\u00bb custom_margin=\u00a0\u00bb||-10px|||\u00a0\u00bb global_colors_info=\u00a0\u00bb{}\u00a0\u00bb]<\/p>\n<h1>Modules d&rsquo;extension NIVOMAX<\/h1>\n<p>[\/et_pb_text][\/et_pb_column][\/et_pb_row][et_pb_row column_structure=\u00a0\u00bb1_2,1_2&Prime; _builder_version=\u00a0\u00bb4.21.0&Prime; _module_preset=\u00a0\u00bbdefault\u00a0\u00bb custom_padding=\u00a0\u00bb14px|||||\u00a0\u00bb global_colors_info=\u00a0\u00bb{}\u00a0\u00bb][et_pb_column type=\u00a0\u00bb1_2&Prime; _builder_version=\u00a0\u00bb4.21.0&Prime; _module_preset=\u00a0\u00bbdefault\u00a0\u00bb global_colors_info=\u00a0\u00bb{}\u00a0\u00bb][et_pb_text _builder_version=\u00a0\u00bb4.27.0&Prime; _module_preset=\u00a0\u00bbdefault\u00a0\u00bb text_text_color=\u00a0\u00bb#FFFFFF\u00a0\u00bb header_2_text_color=\u00a0\u00bb#FFFFFF\u00a0\u00bb header_3_text_color=\u00a0\u00bb#FFFFFF\u00a0\u00bb global_colors_info=\u00a0\u00bb{}\u00a0\u00bb]<\/p>\n<h2>Gestionnaire des commentaires des utilisateurs<\/h2>\n<p>Am\u00e9liorer la communication : Transformez la fa\u00e7on dont les utilisateurs finaux interagissent avec les auteurs et les \u00e9diteurs de contenu. Les utilisateurs peuvent joindre des commentaires aux documents, ce qui d\u00e9clenche un processus rationalis\u00e9 de r\u00e9solution des probl\u00e8mes. Les commentaires \u00e9tant directement envoy\u00e9s par courrier \u00e9lectronique aux destinataires d\u00e9sign\u00e9s et g\u00e9r\u00e9s par le biais d&rsquo;un syst\u00e8me de tickets, l&rsquo;engagement devient efficace et efficient. Des marqueurs dans la table des mati\u00e8res (TOC) permettent \u00e9galement aux utilisateurs de suivre facilement leurs commentaires, garantissant ainsi une boucle de r\u00e9troaction transparente.<\/p>\n<p><strong>Pour: <a href=\"https:\/\/www.nivomax.com\/fr\/visualiseur-ietm-ietp\/\">Viewer<\/a> et <a href=\"https:\/\/www.nivomax.com\/fr\/portail-libre-service\/\">Self Serve Portal<\/a><\/strong><\/p>\n<p>[\/et_pb_text][et_pb_text _builder_version=\u00a0\u00bb4.27.0&Prime; _module_preset=\u00a0\u00bbdefault\u00a0\u00bb text_text_color=\u00a0\u00bb#FFFFFF\u00a0\u00bb header_2_text_color=\u00a0\u00bb#FFFFFF\u00a0\u00bb header_3_text_color=\u00a0\u00bb#FFFFFF\u00a0\u00bb global_colors_info=\u00a0\u00bb{}\u00a0\u00bb]<\/p>\n<h2>Gestionnaire de cartes de t\u00e2ches<\/h2>\n<p>Cartes de t\u00e2ches : facilite la cr\u00e9ation et la gestion des cartes de t\u00e2ches, am\u00e9liorant ainsi l&rsquo;efficacit\u00e9 op\u00e9rationnelle et garantissant que les t\u00e2ches critiques sont document\u00e9es avec pr\u00e9cision et facilement accessibles. Exploitez les donn\u00e9es de la biblioth\u00e8que sous licence pour cr\u00e9er des fiches de t\u00e2ches d\u00e9taill\u00e9es, essentielles \u00e0 l&rsquo;efficacit\u00e9 de la maintenance a\u00e9ronautique et de la planification op\u00e9rationnelle.<\/p>\n<p><strong>Pour: <a href=\"https:\/\/www.nivomax.com\/fr\/constructeur-ietp-ietm\/\">Builder<\/a><\/strong><\/p>\n<p>[\/et_pb_text][et_pb_text _builder_version=\u00a0\u00bb4.27.0&Prime; _module_preset=\u00a0\u00bbdefault\u00a0\u00bb text_text_color=\u00a0\u00bb#FFFFFF\u00a0\u00bb header_2_text_color=\u00a0\u00bb#FFFFFF\u00a0\u00bb header_3_text_color=\u00a0\u00bb#FFFFFF\u00a0\u00bb global_colors_info=\u00a0\u00bb{}\u00a0\u00bb]<\/p>\n<h2>Gestionnaire de flux de travail et de r\u00e9vision<\/h2>\n<p>Automate Publishing Processes: optimizes efficiency and resource allocation, freeing publishers from manual process tracking. Ensure your technical publications are always up-to-date and published with minimal effort, maximum accuracy and efficient use of your computing resources. Revolutionize your publishing and revision cycle with automated task scheduling and process management.<\/p>\n<p><strong>Pour: <a href=\"https:\/\/www.nivomax.com\/fr\/constructeur-ietp-ietm\/\">Builder<\/a><\/strong><\/p>\n<p>[\/et_pb_text][\/et_pb_column][et_pb_column type=\u00a0\u00bb1_2&Prime; _builder_version=\u00a0\u00bb4.21.0&Prime; _module_preset=\u00a0\u00bbdefault\u00a0\u00bb global_colors_info=\u00a0\u00bb{}\u00a0\u00bb][et_pb_text _builder_version=\u00a0\u00bb4.27.0&Prime; _module_preset=\u00a0\u00bbdefault\u00a0\u00bb text_text_color=\u00a0\u00bb#FFFFFF\u00a0\u00bb header_2_text_color=\u00a0\u00bb#FFFFFF\u00a0\u00bb header_3_text_color=\u00a0\u00bb#FFFFFF\u00a0\u00bb global_colors_info=\u00a0\u00bb{}\u00a0\u00bb]<\/p>\n<h2>Extension de la flotte<\/h2>\n<p>Gestion des licences de donn\u00e9es : Con\u00e7u pour les op\u00e9rateurs de flotte, ce module r\u00e9volutionne la gestion des licences en permettant l&rsquo;attribution de licences ePub aux a\u00e9ronefs d&rsquo;une flotte. Les gestionnaires de flotte peuvent g\u00e9rer un ensemble de licences et joindre des documents suppl\u00e9mentaires, accessibles dans la visionneuse. L&rsquo;activation des licences de flotte sur le Self Serve Portal (SSP) simplifie l&rsquo;attribution et l&rsquo;allocation des licences de donn\u00e9es, assurant ainsi un contr\u00f4le pr\u00e9cis des ressources techniques de votre flotte.<\/p>\n<p><strong>Pour: <a href=\"https:\/\/www.nivomax.com\/fr\/portail-libre-service\/\">Self Serve Portal<\/a><\/strong><\/p>\n<p>[\/et_pb_text][et_pb_text _builder_version=\u00a0\u00bb4.25.2&Prime; _module_preset=\u00a0\u00bbdefault\u00a0\u00bb text_text_color=\u00a0\u00bb#FFFFFF\u00a0\u00bb header_2_text_color=\u00a0\u00bb#FFFFFF\u00a0\u00bb header_3_text_color=\u00a0\u00bb#FFFFFF\u00a0\u00bb global_colors_info=\u00a0\u00bb{}\u00a0\u00bb]<\/p>\n<h2>Gestionnaire d&rsquo;autorisation avanc\u00e9e<\/h2>\n<p>Contr\u00f4le granulaire de l&rsquo;acc\u00e8s : introduit des m\u00e9canismes sophistiqu\u00e9s de gestion de la consommation des licences de donn\u00e9es. Emp\u00eachez les acc\u00e8s simultan\u00e9s non autoris\u00e9s et g\u00e9rez les licences d&rsquo;accompagnement avec pr\u00e9cision. Qu&rsquo;il s&rsquo;agisse d&rsquo;activer une licence d&rsquo;accompagnement gratuite pour les utilisateurs de l&rsquo;\u00e9dition de bureau sur le visualiseur Web ou de garantir un acc\u00e8s \u00e0 session unique, le Gestionnaire d&rsquo;autorisation avanc\u00e9e vous permet de contr\u00f4ler la situation.<\/p>\n<p>[\/et_pb_text][et_pb_text _builder_version=\u00a0\u00bb4.25.2&Prime; _module_preset=\u00a0\u00bbdefault\u00a0\u00bb text_text_color=\u00a0\u00bb#FFFFFF\u00a0\u00bb header_2_text_color=\u00a0\u00bb#FFFFFF\u00a0\u00bb header_3_text_color=\u00a0\u00bb#FFFFFF\u00a0\u00bb global_colors_info=\u00a0\u00bb{}\u00a0\u00bb]<\/p>\n<h2>Courtier d&rsquo;Authentification NIVOMAX<\/h2>\n<p>Acc\u00e8s s\u00e9curis\u00e9 centralis\u00e9 : assure une authentification transparente gr\u00e2ce \u00e0 un partenariat unique avec votre fournisseur d&rsquo;identit\u00e9 pr\u00e9f\u00e9r\u00e9, facilitant un contr\u00f4le d&rsquo;acc\u00e8s coh\u00e9rent pour le bureau, le r\u00e9seau et tous les autres points d&rsquo;extr\u00e9mit\u00e9 de NIVOMAX. Rationalisez et s\u00e9curisez l&rsquo;authentification des utilisateurs \u00e0 travers toutes les applications NIVOMAX avec notre courtier d&rsquo;authentification.<\/p>\n<p>[\/et_pb_text][\/et_pb_column][\/et_pb_row][et_pb_row _builder_version=\u00a0\u00bb4.24.2&Prime; _module_preset=\u00a0\u00bbdefault\u00a0\u00bb global_colors_info=\u00a0\u00bb{}\u00a0\u00bb][et_pb_column type=\u00a0\u00bb4_4&Prime; _builder_version=\u00a0\u00bb4.24.2&Prime; _module_preset=\u00a0\u00bbdefault\u00a0\u00bb global_colors_info=\u00a0\u00bb{}\u00a0\u00bb][et_pb_text _builder_version=\u00a0\u00bb4.25.2&Prime; _module_preset=\u00a0\u00bbdefault\u00a0\u00bb text_text_color=\u00a0\u00bb#FFFFFF\u00a0\u00bb text_font_size=\u00a0\u00bb18px\u00a0\u00bb global_colors_info=\u00a0\u00bb{}\u00a0\u00bb]<\/p>\n<p>Les modules d&rsquo;extension sont con\u00e7us pour permettre aux entreprises d&rsquo;adapter NIVOMAX \u00e0 l&rsquo;aide d&rsquo;un logiciel extensible, en fournissant des solutions personnalis\u00e9es aux besoins sp\u00e9cifiques de chaque organisation. Avec l&rsquo;option de choisir chaque module qui r\u00e9pondra \u00e0 des besoins distincts, NIVOMAX fournit l&rsquo;exp\u00e9rience ultime \u00e0 tous les professionnels de l&rsquo;industrie de l&rsquo;aviation qui interagissent avec les pubs technologiques. Optimisez l&rsquo;exp\u00e9rience NIVOMAX et constatez l&rsquo;augmentation de la productivit\u00e9 obtenue gr\u00e2ce \u00e0 nos am\u00e9liorations logicielles : amenez votre organisation au niveau suivant et atteignez un potentiel et une croissance jamais imagin\u00e9s.<\/p>\n<p>[\/et_pb_text][\/et_pb_column][\/et_pb_row][et_pb_row _builder_version=\u00a0\u00bb4.24.2&Prime; _module_preset=\u00a0\u00bbdefault\u00a0\u00bb custom_padding=\u00a0\u00bb38px||37px|||\u00a0\u00bb global_colors_info=\u00a0\u00bb{}\u00a0\u00bb][et_pb_column type=\u00a0\u00bb4_4&Prime; _builder_version=\u00a0\u00bb4.24.2&Prime; _module_preset=\u00a0\u00bbdefault\u00a0\u00bb global_colors_info=\u00a0\u00bb{}\u00a0\u00bb][et_pb_text _builder_version=\u00a0\u00bb4.25.2&Prime; _module_preset=\u00a0\u00bbdefault\u00a0\u00bb text_text_color=\u00a0\u00bb#FFFFFF\u00a0\u00bb text_font_size=\u00a0\u00bb25px\u00a0\u00bb header_text_color=\u00a0\u00bb#f8c000&Prime; text_font_size_tablet=\u00a0\u00bb25px\u00a0\u00bb text_font_size_phone=\u00a0\u00bb21px\u00a0\u00bb text_font_size_last_edited=\u00a0\u00bbon|phone\u00a0\u00bb header_font_size_tablet=\u00a0\u00bb\u00a0\u00bb header_font_size_phone=\u00a0\u00bb23px\u00a0\u00bb header_font_size_last_edited=\u00a0\u00bbon|tablet\u00a0\u00bb global_colors_info=\u00a0\u00bb{}\u00a0\u00bb]<\/p>\n<h1>Pr\u00eat \u00e0 am\u00e9liorer votre exp\u00e9rience NIVOMAX avec nos modules d&rsquo;extension ?<\/h1>\n<p>Contactez-nous pour une consultation personnalis\u00e9e et d\u00e9bloquez des capacit\u00e9s avanc\u00e9es d\u00e8s maintenant !<\/p>\n<p>[\/et_pb_text][et_pb_text _builder_version=\u00a0\u00bb4.25.2&Prime; _module_preset=\u00a0\u00bbdefault\u00a0\u00bb text_text_color=\u00a0\u00bb#FFFFFF\u00a0\u00bb text_font_size=\u00a0\u00bb18px\u00a0\u00bb global_colors_info=\u00a0\u00bb{}\u00a0\u00bb]<\/p>\n<p>Notre repr\u00e9sentant vous guidera \u00e0 travers une \u00e9valuation compl\u00e8te de vos besoins et discutera des solutions possibles \u00e0 travers les diff\u00e9rents modules d&rsquo;extension qui r\u00e9pondront \u00e0 chaque besoin distinct. Vous utilisez d\u00e9j\u00e0 NIVOMAX ? Contactez-nous pour ajouter des modules d&rsquo;extension en tout temps afin d&rsquo;optimiser votre exp\u00e9rience.<\/p>\n<p><strong>\u00c0 propos de nous<\/strong><br \/>Chez Synaxiom, nous nous attachons \u00e0 cr\u00e9er des partenariats avec chaque contact que nous d\u00e9veloppons. Nous cherchons \u00e0 offrir un soutien in\u00e9branlable et \u00e0 donner \u00e0 nos partenaires les moyens d&rsquo;agir gr\u00e2ce \u00e0 notre plateforme. Notre mission est d&rsquo;am\u00e9liorer les op\u00e9rations de nos clients avec des solutions logicielles fiables et innovantes et des services de classe mondiale, en nous effor\u00e7ant d&rsquo;\u00eatre votre partenaire de confiance pour naviguer dans les complexit\u00e9s des impl\u00e9mentations IETM\/IETP multi-sp\u00e9cifiques et au-del\u00e0.<\/p>\n<p>[\/et_pb_text][\/et_pb_column][\/et_pb_row][\/et_pb_section]<\/p>\n","protected":false},"excerpt":{"rendered":"<p>Extension Au-del\u00e0 de l&rsquo;essentiel Boostez votre exp\u00e9rience NIVOMAX avec des modules d&rsquo;extension sur mesure.\u00c9tendre, am\u00e9liorer et rationaliser. Modules d&rsquo;extension NIVOMAX Faire plus avec l&rsquo;\u00e9cosyst\u00e8me extensible de NIVOMAXD\u00e9bloquez des fonctionnalit\u00e9s am\u00e9lior\u00e9es gr\u00e2ce \u00e0 notre s\u00e9lection de modules d&rsquo;extension. Chaque module est con\u00e7u pour am\u00e9liorer l&rsquo;exp\u00e9rience de l&rsquo;utilisateur, rationaliser les flux de travail et fournir des outils [&hellip;]<\/p>\n","protected":false},"author":11,"featured_media":0,"parent":0,"menu_order":0,"comment_status":"closed","ping_status":"closed","template":"","meta":{"_et_pb_use_builder":"on","_et_pb_old_content":"","_et_gb_content_width":"","_monsterinsights_skip_tracking":false,"_monsterinsights_sitenote_active":false,"_monsterinsights_sitenote_note":"","_monsterinsights_sitenote_category":0,"footnotes":""},"class_list":["post-247501","page","type-page","status-publish","hentry"],"jetpack_sharing_enabled":true,"_links":{"self":[{"href":"https:\/\/www.nivomax.com\/fr\/wp-json\/wp\/v2\/pages\/247501","targetHints":{"allow":["GET"]}}],"collection":[{"href":"https:\/\/www.nivomax.com\/fr\/wp-json\/wp\/v2\/pages"}],"about":[{"href":"https:\/\/www.nivomax.com\/fr\/wp-json\/wp\/v2\/types\/page"}],"author":[{"embeddable":true,"href":"https:\/\/www.nivomax.com\/fr\/wp-json\/wp\/v2\/users\/11"}],"replies":[{"embeddable":true,"href":"https:\/\/www.nivomax.com\/fr\/wp-json\/wp\/v2\/comments?post=247501"}],"version-history":[{"count":7,"href":"https:\/\/www.nivomax.com\/fr\/wp-json\/wp\/v2\/pages\/247501\/revisions"}],"predecessor-version":[{"id":247730,"href":"https:\/\/www.nivomax.com\/fr\/wp-json\/wp\/v2\/pages\/247501\/revisions\/247730"}],"wp:attachment":[{"href":"https:\/\/www.nivomax.com\/fr\/wp-json\/wp\/v2\/media?parent=247501"}],"curies":[{"name":"wp","href":"https:\/\/api.w.org\/{rel}","templated":true}]}}