{"id":247474,"date":"2021-11-12T07:40:29","date_gmt":"2021-11-12T11:40:29","guid":{"rendered":"https:\/\/www.nivomax.com\/about-us\/"},"modified":"2025-09-17T09:38:08","modified_gmt":"2025-09-17T13:38:08","slug":"a-propos","status":"publish","type":"page","link":"https:\/\/www.nivomax.com\/fr\/a-propos\/","title":{"rendered":"\u00c0 Propos"},"content":{"rendered":"<p>[et_pb_section fb_built=\u00a0\u00bb1&Prime; custom_padding_last_edited=\u00a0\u00bbon|phone\u00a0\u00bb disabled_on=\u00a0\u00bboff|off|off\u00a0\u00bb _builder_version=\u00a0\u00bb4.24.2&Prime; _module_preset=\u00a0\u00bbdefault\u00a0\u00bb background_color=\u00a0\u00bbRGBA(255,255,255,0)\u00a0\u00bb background_image=\u00a0\u00bbhttps:\/\/www.nivomax.com\/wp-content\/uploads\/2024\/03\/office-3-scaled.jpg\u00a0\u00bb custom_margin=\u00a0\u00bb-2px||||false|false\u00a0\u00bb custom_padding=\u00a0\u00bb2.9vw||4vw||false|false\u00a0\u00bb custom_padding_tablet=\u00a0\u00bb3.5vw||3.5vw||true|false\u00a0\u00bb custom_padding_phone=\u00a0\u00bb6vw||6vw||true|false\u00a0\u00bb top_divider_color=\u00a0\u00bb#000000&Prime; top_divider_height=\u00a0\u00bb36px\u00a0\u00bb top_divider_repeat=\u00a0\u00bb1x\u00a0\u00bb top_divider_flip=\u00a0\u00bbvertical\u00a0\u00bb bottom_divider_style=\u00a0\u00bbslant\u00a0\u00bb bottom_divider_color=\u00a0\u00bb#2a2a2a\u00a0\u00bb bottom_divider_height=\u00a0\u00bb503px\u00a0\u00bb bottom_divider_repeat=\u00a0\u00bb1x\u00a0\u00bb bottom_divider_flip=\u00a0\u00bbvertical\u00a0\u00bb border_width_top=\u00a0\u00bb2px\u00a0\u00bb border_color_top=\u00a0\u00bbrgba(255,255,255,0.11)\u00a0\u00bb global_colors_info=\u00a0\u00bb{}\u00a0\u00bb][et_pb_row _builder_version=\u00a0\u00bb4.16&Prime; _module_preset=\u00a0\u00bbdefault\u00a0\u00bb custom_margin=\u00a0\u00bb|auto|-15px|auto||\u00a0\u00bb custom_padding=\u00a0\u00bb||1px|||\u00a0\u00bb global_colors_info=\u00a0\u00bb{}\u00a0\u00bb][et_pb_column type=\u00a0\u00bb4_4&Prime; _builder_version=\u00a0\u00bb4.16&Prime; _module_preset=\u00a0\u00bbdefault\u00a0\u00bb global_colors_info=\u00a0\u00bb{}\u00a0\u00bb][et_pb_text _builder_version=\u00a0\u00bb4.25.2&Prime; _module_preset=\u00a0\u00bbdefault\u00a0\u00bb header_font=\u00a0\u00bb|300|||||||\u00a0\u00bb header_text_color=\u00a0\u00bb#FFFFFF\u00a0\u00bb header_font_size=\u00a0\u00bb50px\u00a0\u00bb header_2_text_color=\u00a0\u00bb#f8c000&Prime; header_2_font_size=\u00a0\u00bb19px\u00a0\u00bb custom_margin=\u00a0\u00bb||-20px||false|false\u00a0\u00bb custom_margin_tablet=\u00a0\u00bb||-20px||false|false\u00a0\u00bb custom_margin_phone=\u00a0\u00bb||-20px||false|false\u00a0\u00bb custom_margin_last_edited=\u00a0\u00bbon|tablet\u00a0\u00bb custom_padding=\u00a0\u00bb||0px||false|false\u00a0\u00bb header_font_size_tablet=\u00a0\u00bb54px\u00a0\u00bb header_font_size_phone=\u00a0\u00bb37px\u00a0\u00bb header_font_size_last_edited=\u00a0\u00bbon|phone\u00a0\u00bb global_colors_info=\u00a0\u00bb{}\u00a0\u00bb]<\/p>\n<h1><strong>Pourquoi choisir NIVOMAX de SYNAXIOM ?<\/strong><\/h1>\n<h2><strong>Solutions IETM\/ IETP avanc\u00e9es pour le secteur de l&rsquo;aviation.<\/strong><\/h2>\n<p>[\/et_pb_text][\/et_pb_column][\/et_pb_row][et_pb_row column_structure=\u00a0\u00bb1_2,1_2&Prime; _builder_version=\u00a0\u00bb4.19.4&Prime; _module_preset=\u00a0\u00bbdefault\u00a0\u00bb custom_margin=\u00a0\u00bb32px|auto||auto||\u00a0\u00bb custom_padding=\u00a0\u00bb18px||4px|||\u00a0\u00bb global_colors_info=\u00a0\u00bb{}\u00a0\u00bb][et_pb_column type=\u00a0\u00bb1_2&Prime; _builder_version=\u00a0\u00bb4.16&Prime; _module_preset=\u00a0\u00bbdefault\u00a0\u00bb global_colors_info=\u00a0\u00bb{}\u00a0\u00bb][et_pb_text _builder_version=\u00a0\u00bb4.25.2&Prime; _module_preset=\u00a0\u00bbdefault\u00a0\u00bb text_text_color=\u00a0\u00bb#FFFFFF\u00a0\u00bb text_font_size=\u00a0\u00bb18px\u00a0\u00bb global_colors_info=\u00a0\u00bb{}\u00a0\u00bb]<\/p>\n<p><strong>SYNAXIOM<\/strong> est \u00e0 la pointe de l&rsquo;innovation en mati\u00e8re de documentation technique, avec les produits de la<strong> plateforme NIVOMAX<\/strong> &#8211; une collection d&rsquo;applications d&rsquo;entreprise qui r\u00e9volutionnent la gestion, la livraison et la vente des IETM\/IETP. Con\u00e7ue en mettant l&rsquo;accent sur les interfaces utilisateur intuitives, l&rsquo;aide \u00e0 l&rsquo;apprentissage et l&rsquo;optimisation des flux de travail, NIVOMAX est le summum des solutions logicielles modernes et centr\u00e9es sur l&rsquo;utilisateur, con\u00e7ues pour le monde de l&rsquo;aviation.<\/p>\n<p>S&rsquo;appuyant sur pr\u00e8s de 20 ans d&rsquo;expertise, SYNAXIOM a consolid\u00e9 sa r\u00e9putation en offrant des applications robustes qui soutiennent les op\u00e9rations critiques des MROs, des flottes a\u00e9riennes et des OEMs. En tant qu&rsquo;entit\u00e9 sans dette, engag\u00e9e dans les meilleures pratiques, notre objectif est de permettre \u00e0 nos partenaires d&rsquo;atteindre un succ\u00e8s in\u00e9gal\u00e9<\/p>\n<p>[\/et_pb_text][\/et_pb_column][et_pb_column type=\u00a0\u00bb1_2&Prime; _builder_version=\u00a0\u00bb4.16&Prime; _module_preset=\u00a0\u00bbdefault\u00a0\u00bb global_colors_info=\u00a0\u00bb{}\u00a0\u00bb][et_pb_text _builder_version=\u00a0\u00bb4.25.2&Prime; _module_preset=\u00a0\u00bbdefault\u00a0\u00bb text_text_color=\u00a0\u00bb#FFFFFF\u00a0\u00bb text_font_size=\u00a0\u00bb18px\u00a0\u00bb global_colors_info=\u00a0\u00bb{}\u00a0\u00bb]<\/p>\n<p><strong>Plus de 2000 organisations<\/strong> dans l&rsquo;industrie a\u00e9ronautique font confiance \u00e0 NIVOMAX, b\u00e9n\u00e9ficiant d&rsquo;une am\u00e9lioration de la performance, de la collaboration et de l&rsquo;ex\u00e9cution des t\u00e2ches cruciales. SYNAXIOM s&rsquo;engage \u00e0 apporter de la valeur ajout\u00e9e \u00e0 ses partenaires gr\u00e2ce \u00e0 un soutien sans rel\u00e2che, \u00e0 des connaissances sp\u00e9cialis\u00e9es et \u00e0 une approche ax\u00e9e sur le travail d&rsquo;\u00e9quipe, en incarnant ses valeurs fondamentales que sont les personnes, les partenaires et les produits, en vue d&rsquo;un avenir plus radieux.<\/p>\n<p>[\/et_pb_text][\/et_pb_column][\/et_pb_row][et_pb_row _builder_version=\u00a0\u00bb4.19.4&Prime; _module_preset=\u00a0\u00bbdefault\u00a0\u00bb custom_margin=\u00a0\u00bb-2px|auto||auto||\u00a0\u00bb custom_padding=\u00a0\u00bb18px||4px|||\u00a0\u00bb global_colors_info=\u00a0\u00bb{}\u00a0\u00bb][et_pb_column type=\u00a0\u00bb4_4&Prime; _builder_version=\u00a0\u00bb4.16&Prime; _module_preset=\u00a0\u00bbdefault\u00a0\u00bb global_colors_info=\u00a0\u00bb{}\u00a0\u00bb][et_pb_text _builder_version=\u00a0\u00bb4.25.2&Prime; _module_preset=\u00a0\u00bbdefault\u00a0\u00bb header_text_color=\u00a0\u00bb#f8c000&Prime; header_font_size=\u00a0\u00bb44px\u00a0\u00bb header_2_text_color=\u00a0\u00bb#f8c000&Prime; header_2_font_size=\u00a0\u00bb28px\u00a0\u00bb custom_margin=\u00a0\u00bb18px|||||\u00a0\u00bb global_colors_info=\u00a0\u00bb{}\u00a0\u00bb]<\/p>\n<h1><strong>\u00c0 propos de nous<\/strong><\/h1>\n<p>[\/et_pb_text][\/et_pb_column][\/et_pb_row][et_pb_row column_structure=\u00a0\u00bb1_2,1_2&Prime; _builder_version=\u00a0\u00bb4.19.4&Prime; _module_preset=\u00a0\u00bbdefault\u00a0\u00bb custom_margin=\u00a0\u00bb-2px|auto||auto||\u00a0\u00bb custom_padding=\u00a0\u00bb18px||4px|||\u00a0\u00bb global_colors_info=\u00a0\u00bb{}\u00a0\u00bb][et_pb_column type=\u00a0\u00bb1_2&Prime; _builder_version=\u00a0\u00bb4.16&Prime; _module_preset=\u00a0\u00bbdefault\u00a0\u00bb global_colors_info=\u00a0\u00bb{}\u00a0\u00bb][et_pb_text _builder_version=\u00a0\u00bb4.25.2&Prime; _module_preset=\u00a0\u00bbdefault\u00a0\u00bb text_text_color=\u00a0\u00bb#FFFFFF\u00a0\u00bb header_3_text_color=\u00a0\u00bb#FFFFFF\u00a0\u00bb header_3_font_size=\u00a0\u00bb30px\u00a0\u00bb global_colors_info=\u00a0\u00bb{}\u00a0\u00bb]<\/p>\n<h3>Notre histoire<\/h3>\n<p>Fond\u00e9e en 2005, SYNAXIOM est un mod\u00e8le d&rsquo;\u00e9thique commerciale et d&rsquo;excellence technique dans le domaine des logiciels d&rsquo;aviation. En cette p\u00e9riode d&rsquo;\u00e9volution constante, nous avons \u00e9tabli des partenariats d&rsquo;\u00e9lite et d\u00e9velopp\u00e9 des solutions logicielles sur mesure qui d\u00e9finissent les normes de l&rsquo;industrie. Notre engagement en faveur de l&rsquo;innovation a fait de NIVOMAX la solution de gestion IETM\/IETP la plus compl\u00e8te pour les pubs technologiques, ce qui nous a valu plus d&rsquo;une d\u00e9cennie de succ\u00e8s dans ce domaine.<\/p>\n<h3>Notre mission<\/h3>\n<p>Am\u00e9liorer les op\u00e9rations de nos clients gr\u00e2ce \u00e0 des solutions logicielles fiables et innovantes et \u00e0 des services de classe mondiale, en s&rsquo;effor\u00e7ant d&rsquo;\u00eatre votre partenaire de confiance pour naviguer dans les complexit\u00e9s des impl\u00e9mentations IETM\/IETP multi-sp\u00e9cifiques et au-del\u00e0.<\/p>\n<p>[\/et_pb_text][\/et_pb_column][et_pb_column type=\u00a0\u00bb1_2&Prime; _builder_version=\u00a0\u00bb4.16&Prime; _module_preset=\u00a0\u00bbdefault\u00a0\u00bb global_colors_info=\u00a0\u00bb{}\u00a0\u00bb][et_pb_text _builder_version=\u00a0\u00bb4.25.2&Prime; _module_preset=\u00a0\u00bbdefault\u00a0\u00bb text_text_color=\u00a0\u00bb#FFFFFF\u00a0\u00bb header_3_text_color=\u00a0\u00bb#FFFFFF\u00a0\u00bb header_3_font_size=\u00a0\u00bb30px\u00a0\u00bb global_colors_info=\u00a0\u00bb{}\u00a0\u00bb]<\/p>\n<h3>Nos valeurs fondamentales<\/h3>\n<ul>\n<li>Responsabilit\u00e9 et obligation de rendre compte : Nous nous engageons \u00e0 tenir nos promesses ; nous veillons \u00e0 ce que nos solutions r\u00e9pondent aux attentes et les d\u00e9passent gr\u00e2ce \u00e0 une communication ouverte et \u00e0 la clart\u00e9.<\/li>\n<li>Expertise et d\u00e9vouement : Notre \u00e9quipe internationale de sp\u00e9cialistes se consacre \u00e0 offrir une assistance et des solutions sur mesure, garantissant votre succ\u00e8s gr\u00e2ce \u00e0 notre exp\u00e9rience \u00e9prouv\u00e9e dans les impl\u00e9mentations S1000D et ATA100.<\/li>\n<li>Innovation et adaptation : SYNAXIOM progresse continuellement, en mettant \u00e0 jour sa base de connaissances et en s&rsquo;engageant dans des initiatives de R&amp;D pour rester \u00e0 la pointe de la technologie, garantissant ainsi que nos solutions restent pertinentes, int\u00e9gr\u00e9es et s\u00e9curis\u00e9es.<\/li>\n<\/ul>\n<p>[\/et_pb_text][\/et_pb_column][\/et_pb_row][et_pb_row _builder_version=\u00a0\u00bb4.19.4&Prime; _module_preset=\u00a0\u00bbdefault\u00a0\u00bb custom_margin=\u00a0\u00bb-2px|auto||auto||\u00a0\u00bb custom_padding=\u00a0\u00bb18px||4px|||\u00a0\u00bb global_colors_info=\u00a0\u00bb{}\u00a0\u00bb][et_pb_column type=\u00a0\u00bb4_4&Prime; _builder_version=\u00a0\u00bb4.16&Prime; _module_preset=\u00a0\u00bbdefault\u00a0\u00bb global_colors_info=\u00a0\u00bb{}\u00a0\u00bb][et_pb_text _builder_version=\u00a0\u00bb4.25.2&Prime; _module_preset=\u00a0\u00bbdefault\u00a0\u00bb text_text_color=\u00a0\u00bb#FFFFFF\u00a0\u00bb text_font_size=\u00a0\u00bb17px\u00a0\u00bb header_3_text_color=\u00a0\u00bb#FFFFFF\u00a0\u00bb header_3_font_size=\u00a0\u00bb30px\u00a0\u00bb header_4_text_color=\u00a0\u00bb#FFFFFF\u00a0\u00bb header_4_font_size=\u00a0\u00bb23px\u00a0\u00bb global_colors_info=\u00a0\u00bb{}\u00a0\u00bb]<\/p>\n<p><strong>D\u00e9couvrez comment le d\u00e9vouement de SYNAXIOM \u00e0 l&rsquo;excellence, \u00e0 l&rsquo;innovation et au partenariat peut am\u00e9liorer vos op\u00e9rations. Choisissez NIVOMAX pour une exp\u00e9rience in\u00e9gal\u00e9e avec vos produits et livrables tech pubs.<br \/><\/strong><\/p>\n<p>[\/et_pb_text][\/et_pb_column][\/et_pb_row][\/et_pb_section]<\/p>\n","protected":false},"excerpt":{"rendered":"<p>Pourquoi choisir NIVOMAX de SYNAXIOM ? Solutions IETM\/ IETP avanc\u00e9es pour le secteur de l&rsquo;aviation.SYNAXIOM est \u00e0 la pointe de l&rsquo;innovation en mati\u00e8re de documentation technique, avec les produits de la plateforme NIVOMAX &#8211; une collection d&rsquo;applications d&rsquo;entreprise qui r\u00e9volutionnent la gestion, la livraison et la vente des IETM\/IETP. Con\u00e7ue en mettant l&rsquo;accent sur les [&hellip;]<\/p>\n","protected":false},"author":11,"featured_media":0,"parent":0,"menu_order":0,"comment_status":"closed","ping_status":"closed","template":"","meta":{"_et_pb_use_builder":"on","_et_pb_old_content":"","_et_gb_content_width":"","_monsterinsights_skip_tracking":false,"_monsterinsights_sitenote_active":false,"_monsterinsights_sitenote_note":"","_monsterinsights_sitenote_category":0,"footnotes":""},"class_list":["post-247474","page","type-page","status-publish","hentry"],"jetpack_sharing_enabled":true,"_links":{"self":[{"href":"https:\/\/www.nivomax.com\/fr\/wp-json\/wp\/v2\/pages\/247474","targetHints":{"allow":["GET"]}}],"collection":[{"href":"https:\/\/www.nivomax.com\/fr\/wp-json\/wp\/v2\/pages"}],"about":[{"href":"https:\/\/www.nivomax.com\/fr\/wp-json\/wp\/v2\/types\/page"}],"author":[{"embeddable":true,"href":"https:\/\/www.nivomax.com\/fr\/wp-json\/wp\/v2\/users\/11"}],"replies":[{"embeddable":true,"href":"https:\/\/www.nivomax.com\/fr\/wp-json\/wp\/v2\/comments?post=247474"}],"version-history":[{"count":4,"href":"https:\/\/www.nivomax.com\/fr\/wp-json\/wp\/v2\/pages\/247474\/revisions"}],"predecessor-version":[{"id":247731,"href":"https:\/\/www.nivomax.com\/fr\/wp-json\/wp\/v2\/pages\/247474\/revisions\/247731"}],"wp:attachment":[{"href":"https:\/\/www.nivomax.com\/fr\/wp-json\/wp\/v2\/media?parent=247474"}],"curies":[{"name":"wp","href":"https:\/\/api.w.org\/{rel}","templated":true}]}}