{"id":247389,"date":"2021-11-15T09:00:20","date_gmt":"2021-11-15T13:00:20","guid":{"rendered":"https:\/\/www.nivomax.com\/contact-us\/"},"modified":"2025-09-17T09:36:33","modified_gmt":"2025-09-17T13:36:33","slug":"contactez-nous","status":"publish","type":"page","link":"https:\/\/www.nivomax.com\/fr\/contactez-nous\/","title":{"rendered":"Contactez-Nous"},"content":{"rendered":"<p>[et_pb_section fb_built=\u00a0\u00bb1&Prime; _builder_version=\u00a0\u00bb4.24.2&Prime; _module_preset=\u00a0\u00bbdefault\u00a0\u00bb background_color=\u00a0\u00bb#242424&Prime; background_image=\u00a0\u00bbhttps:\/\/www.nivomax.com\/wp-content\/uploads\/2024\/02\/synaxiom-iconhalf-2.png\u00a0\u00bb background_size=\u00a0\u00bbcontain\u00a0\u00bb background_position=\u00a0\u00bbcenter_right\u00a0\u00bb custom_margin_tablet=\u00a0\u00bb-35px||||false|false\u00a0\u00bb custom_margin_phone=\u00a0\u00bb-40px||||false|false\u00a0\u00bb custom_margin_last_edited=\u00a0\u00bbon|tablet\u00a0\u00bb global_colors_info=\u00a0\u00bb{}\u00a0\u00bb][et_pb_row _builder_version=\u00a0\u00bb4.24.2&Prime; _module_preset=\u00a0\u00bbdefault\u00a0\u00bb global_colors_info=\u00a0\u00bb{}\u00a0\u00bb][et_pb_column type=\u00a0\u00bb4_4&Prime; _builder_version=\u00a0\u00bb4.24.2&Prime; _module_preset=\u00a0\u00bbdefault\u00a0\u00bb global_colors_info=\u00a0\u00bb{}\u00a0\u00bb][et_pb_text _builder_version=\u00a0\u00bb4.27.0&Prime; _module_preset=\u00a0\u00bbdefault\u00a0\u00bb text_text_color=\u00a0\u00bb#FFFFFF\u00a0\u00bb header_text_color=\u00a0\u00bb#f8c000&Prime; header_2_text_color=\u00a0\u00bb#FFFFFF\u00a0\u00bb global_colors_info=\u00a0\u00bb{}\u00a0\u00bb]<\/p>\n<h1>Contactez-nous chez SYNAXIOM<\/h1>\n<p>Nous sommes l\u00e0 pour vous aider \u00e0 naviguer facilement dans le monde des publications techniques. Que vous soyez curieux de conna\u00eetre la plateforme NIVOMAX, int\u00e9ress\u00e9 par une d\u00e9mo ou que vous ayez besoin d&rsquo;informations d\u00e9taill\u00e9es sur nos options de licence et nos modules d&rsquo;extension, notre \u00e9quipe est pr\u00eate \u00e0 vous fournir l&rsquo;assistance et les r\u00e9ponses dont vous avez besoin.<\/p>\n<h2>Entrer en contact<\/h2>\n<p><strong>Pour les demandes de renseignements et les d\u00e9monstrations de produits :<br \/><\/strong>D\u00e9couvrez comment NIVOMAX peut transformer vos op\u00e9rations. Contactez-nous pour obtenir des d\u00e9tails sur le produit, des demandes de d\u00e9monstration ou toute question sp\u00e9cifique que vous pourriez avoir sur notre plateforme.<\/p>\n<p><strong>Pour l&rsquo;assistance et les services :<\/strong><br \/>Besoin d&rsquo;aide avec votre solution NIVOMAX actuelle ? Notre \u00e9quipe d&rsquo;assistance d\u00e9di\u00e9e est l\u00e0 pour r\u00e9pondre \u00e0 toutes les questions techniques, demandes de service ou assistance suppl\u00e9mentaire dont vous pourriez avoir besoin.<\/p>\n<p><strong>Pour les ventes et les licences :<\/strong><br \/>Vous souhaitez discuter des options de licence ou des configurations personnalis\u00e9es pour votre organisation\u00a0? Notre \u00e9quipe commerciale peut vous guider \u00e0 travers nos structures de licences flexibles pour trouver la solution id\u00e9ale pour vos besoins.<\/p>\n<h2>Coordonn\u00e9es<\/h2>\n<ul>\n<li><strong>Courriel:<\/strong> <a target=\"_new\" rel=\"noopener\">info@synaxiom.com<\/a><\/li>\n<li><strong>T\u00e9l\u00e9phone:<\/strong> +1 (514) 363-0168<\/li>\n<li><strong>Adresse: <\/strong>PO Box 46055 BP Center Pointe- Claire, Pointe-Claire, QC,\u00a0Canada H9R 5R4.<\/li>\n<\/ul>\n<h2>Rester connect\u00e9<\/h2>\n<p>Suivez-nous sur nos plateformes de m\u00e9dias sociaux pour rester inform\u00e9 des derni\u00e8res nouvelles, mises \u00e0 jour et informations de SYNAXIOM\u00a0:<\/p>\n<ul>\n<li><strong>LinkedIn:<\/strong> <a target=\"_new\" href=\"#\" rel=\"noopener\">SYNAXIOM LinkedIn<\/a><\/li>\n<\/ul>\n<p><strong>Pr\u00eat \u00e0 tester NIVOMAX ? Contactez-nous d\u00e8s aujourd&rsquo;hui et commen\u00e7ons une conversation qui pourrait transformer les livrables de vos pubs technologiques.<\/strong><\/p>\n<p><strong>Contactez-nous en utilisant le formulaire de contact ci-dessous.<\/strong><\/p>\n<p>[\/et_pb_text][\/et_pb_column][\/et_pb_row][\/et_pb_section][et_pb_section fb_built=\u00a0\u00bb1&Prime; admin_label=\u00a0\u00bbGeneral 9&Prime; module_class=\u00a0\u00bbsfly_general sfly_general_9&Prime; _builder_version=\u00a0\u00bb4.16&Prime; custom_padding=\u00a0\u00bb2px||2px||true|\u00a0\u00bb locked=\u00a0\u00bboff\u00a0\u00bb global_colors_info=\u00a0\u00bb{}\u00a0\u00bb][et_pb_row column_structure=\u00a0\u00bb1_2,1_2&Prime; use_custom_gutter=\u00a0\u00bbon\u00a0\u00bb gutter_width=\u00a0\u00bb1&Prime; make_equal=\u00a0\u00bbon\u00a0\u00bb padding_top_bottom_link_1=\u00a0\u00bbtrue\u00a0\u00bb padding_left_right_link_1=\u00a0\u00bbtrue\u00a0\u00bb module_class=\u00a0\u00bbsfly_column_switch et_pb_row_fullwidth\u00a0\u00bb _builder_version=\u00a0\u00bb4.24.2&Prime; background_enable_image=\u00a0\u00bboff\u00a0\u00bb width=\u00a0\u00bb100%\u00a0\u00bb width_tablet=\u00a0\u00bb100%\u00a0\u00bb width_phone=\u00a0\u00bb\u00a0\u00bb width_last_edited=\u00a0\u00bbon|desktop\u00a0\u00bb max_width=\u00a0\u00bb100%\u00a0\u00bb max_width_tablet=\u00a0\u00bb100%\u00a0\u00bb max_width_phone=\u00a0\u00bb\u00a0\u00bb max_width_last_edited=\u00a0\u00bbon|desktop\u00a0\u00bb custom_margin=\u00a0\u00bb-7px|auto|-5px|auto||\u00a0\u00bb custom_padding=\u00a0\u00bb0px||0px||true|\u00a0\u00bb make_fullwidth=\u00a0\u00bbon\u00a0\u00bb custom_width_px=\u00a0\u00bb750px\u00a0\u00bb global_colors_info=\u00a0\u00bb{}\u00a0\u00bb][et_pb_column type=\u00a0\u00bb1_2&Prime; module_class=\u00a0\u00bbcolumn1&Prime; _builder_version=\u00a0\u00bb4.21.0&Prime; background_color=\u00a0\u00bb#2a2a2a\u00a0\u00bb background_image=\u00a0\u00bbhttps:\/\/www.nivomax.com\/wp-content\/uploads\/2024\/02\/group-10.jpg\u00a0\u00bb background_position=\u00a0\u00bbtop_center\u00a0\u00bb background_vertical_offset=\u00a0\u00bb20%\u00a0\u00bb background_blend=\u00a0\u00bbluminosity\u00a0\u00bb background_enable_pattern_style=\u00a0\u00bbon\u00a0\u00bb background_pattern_color=\u00a0\u00bbRGBA(255,255,255,0)\u00a0\u00bb background_pattern_transform=\u00a0\u00bbflip_vertical|rotate_90_degree|invert\u00a0\u00bb custom_padding=\u00a0\u00bb5%|5%|5%|5%\u00a0\u00bb custom_padding_tablet=\u00a0\u00bb\u00a0\u00bb custom_padding_phone=\u00a0\u00bb10%|10%|10%|10%|true|true\u00a0\u00bb custom_padding_last_edited=\u00a0\u00bbon|phone\u00a0\u00bb filter_saturate=\u00a0\u00bb112%\u00a0\u00bb filter_contrast=\u00a0\u00bb106%\u00a0\u00bb custom_css_main_element=\u00a0\u00bbdisplay: flex;||flex-direction: column;||justify-content: flex-end;\u00a0\u00bb global_colors_info=\u00a0\u00bb{}\u00a0\u00bb padding_phone=\u00a0\u00bb10%|10%|10%|10%|true|true\u00a0\u00bb padding_last_edited=\u00a0\u00bbon|phone\u00a0\u00bb custom_padding__hover=\u00a0\u00bb|||\u00a0\u00bb][et_pb_text _builder_version=\u00a0\u00bb4.25.2&Prime; _module_preset=\u00a0\u00bbdefault\u00a0\u00bb text_text_color=\u00a0\u00bb#FFFFFF\u00a0\u00bb text_font_size=\u00a0\u00bb19px\u00a0\u00bb header_text_color=\u00a0\u00bb#f2cd00&Prime; header_font_size=\u00a0\u00bb50px\u00a0\u00bb header_2_text_color=\u00a0\u00bb#FFFFFF\u00a0\u00bb header_3_text_color=\u00a0\u00bb#FFFFFF\u00a0\u00bb header_3_font_size=\u00a0\u00bb33px\u00a0\u00bb background_color=\u00a0\u00bbRGBA(255,255,255,0)\u00a0\u00bb background_enable_mask_style=\u00a0\u00bbon\u00a0\u00bb background_mask_color=\u00a0\u00bbRGBA(255,255,255,0)\u00a0\u00bb custom_margin=\u00a0\u00bb||||false|false\u00a0\u00bb custom_padding=\u00a0\u00bb20px|20px|20px|20px|false|false\u00a0\u00bb global_colors_info=\u00a0\u00bb{}\u00a0\u00bb]<\/p>\n<h1>Entrer en contact<\/h1>\n<h3>Envoyez-nous vos commentaires!<\/h3>\n<p>[\/et_pb_text][\/et_pb_column][et_pb_column type=\u00a0\u00bb1_2&Prime; module_class=\u00a0\u00bbcolumn2&Prime; _builder_version=\u00a0\u00bb4.24.2&Prime; background_color=\u00a0\u00bb#f8c000&Prime; background_enable_image=\u00a0\u00bboff\u00a0\u00bb custom_padding=\u00a0\u00bb|||\u00a0\u00bb global_colors_info=\u00a0\u00bb{}\u00a0\u00bb custom_padding__hover=\u00a0\u00bb|||\u00a0\u00bb][el_gravity_forms_styler gravity_form_id=\u00a0\u00bb4&Prime; input_text_color=\u00a0\u00bb#000000&Prime; focus_input_text_color=\u00a0\u00bb#000000&Prime; input_bg_color=\u00a0\u00bb#FFFFFF\u00a0\u00bb input_custom_padding=\u00a0\u00bb10px||10px||true|false\u00a0\u00bb submit_bg_color=\u00a0\u00bb#000000&Prime; fieldset_custom_padding=\u00a0\u00bb0px||0px||false|false\u00a0\u00bb _builder_version=\u00a0\u00bb4.25.2&Prime; _module_preset=\u00a0\u00bbdefault\u00a0\u00bb label_font=\u00a0\u00bbRoboto|500|||||||\u00a0\u00bb label_text_color=\u00a0\u00bb#000000&Prime; label_font_size=\u00a0\u00bb17px\u00a0\u00bb label_line_height=\u00a0\u00bb1em\u00a0\u00bb input_font=\u00a0\u00bbRoboto||||||||\u00a0\u00bb input_line_height=\u00a0\u00bb1em\u00a0\u00bb dropdown_selected_font=\u00a0\u00bbRoboto||||||||\u00a0\u00bb dropdown_selected_text_color=\u00a0\u00bb#000000&Prime; dropdown_selected_font_size=\u00a0\u00bb17px\u00a0\u00bb dropdown_selected_line_height=\u00a0\u00bb1em\u00a0\u00bb submit_button_text_font=\u00a0\u00bbRoboto||||||||\u00a0\u00bb submit_button_text_text_color=\u00a0\u00bb#f8c000&Prime; submit_button_text_font_size=\u00a0\u00bb20px\u00a0\u00bb custom_padding=\u00a0\u00bb28px|55px|28px|55px|true|true\u00a0\u00bb border_radii_input=\u00a0\u00bbon|12px|12px|12px|12px\u00a0\u00bb global_colors_info=\u00a0\u00bb{}\u00a0\u00bb][\/el_gravity_forms_styler][\/et_pb_column][\/et_pb_row][\/et_pb_section][et_pb_section fb_built=\u00a0\u00bb1&Prime; _builder_version=\u00a0\u00bb4.24.2&Prime; _module_preset=\u00a0\u00bbdefault\u00a0\u00bb background_color=\u00a0\u00bb#000000&Prime; global_module=\u00a0\u00bb247882&Prime; saved_tabs=\u00a0\u00bball\u00a0\u00bb global_colors_info=\u00a0\u00bb{}\u00a0\u00bb][et_pb_row column_structure=\u00a0\u00bb1_4,1_4,1_4,1_4&Prime; module_class=\u00a0\u00bbnmx-footer-contact\u00a0\u00bb _builder_version=\u00a0\u00bb4.24.2&Prime; _module_preset=\u00a0\u00bbdefault\u00a0\u00bb global_colors_info=\u00a0\u00bb{}\u00a0\u00bb][et_pb_column type=\u00a0\u00bb1_4&Prime; _builder_version=\u00a0\u00bb4.24.2&Prime; _module_preset=\u00a0\u00bbdefault\u00a0\u00bb global_colors_info=\u00a0\u00bb{}\u00a0\u00bb][et_pb_text _builder_version=\u00a0\u00bb4.27.0&Prime; _module_preset=\u00a0\u00bbdefault\u00a0\u00bb header_3_text_color=\u00a0\u00bb#FFFFFF\u00a0\u00bb global_colors_info=\u00a0\u00bb{}\u00a0\u00bb]<\/p>\n<h3>APPLICATIONS NIVOMAX<\/h3>\n<p><a href=\"https:\/\/www.nivomax.com\/fr\/visualiseur-ietm-ietp\/\">Viewer<\/a><br \/><a href=\"https:\/\/www.nivomax.com\/fr\/constructeur-ietp-ietm\/\">Builder<\/a><br \/><a href=\"https:\/\/www.nivomax.com\/fr\/portail-libre-service\/\">Self Serve Portal<\/a><br \/><a href=\"https:\/\/www.nivomax.com\/fr\/centre-de-vente\/\">Sales Center<\/a><br \/><a href=\"https:\/\/www.nivomax.com\/fr\/modules-dextension\/\">Modules d&rsquo;Extension<\/a><br \/><a href=\"https:\/\/www.nivomax.com\/fr\/nivomax-licences\/\">Licences<\/a><br \/><a href=\"https:\/\/www.nivomax.com\/fr\/co-marquage\/\">Guide de Co-Marquage<\/a><\/p>\n<p>[\/et_pb_text][\/et_pb_column][et_pb_column type=\u00a0\u00bb1_4&Prime; _builder_version=\u00a0\u00bb4.24.2&Prime; _module_preset=\u00a0\u00bbdefault\u00a0\u00bb global_colors_info=\u00a0\u00bb{}\u00a0\u00bb][et_pb_text _builder_version=\u00a0\u00bb4.27.4&Prime; _module_preset=\u00a0\u00bbdefault\u00a0\u00bb header_3_text_color=\u00a0\u00bb#FFFFFF\u00a0\u00bb global_colors_info=\u00a0\u00bb{}\u00a0\u00bb]<\/p>\n<h3>SYNAXIOM<\/h3>\n<ul>\n<li style=\"list-style-type: none;\"><a href=\"https:\/\/www.nivomax.com\/fr\/synaxiom-services\/\">Services<\/a><\/li>\n<li style=\"list-style-type: none;\"><a href=\"https:\/\/www.nivomax.com\/fr\/a-propos\/\">\u00c0 Propos<\/a><\/li>\n<li style=\"list-style-type: none;\"><a href=\"https:\/\/www.nivomax.com\/fr\/conditions-dutilisation\/\">Condition d&rsquo;Utilisation<\/a><\/li>\n<li style=\"list-style-type: none;\"><a href=\"https:\/\/www.nivomax.com\/fr\/politique-de-confidentialite\/\">Politique de Confidentialit\u00e9<\/a><\/li>\n<li style=\"list-style-type: none;\"><a href=\"https:\/\/www.nivomax.com\/fr\/a-propos\/\">\u00c0 Propos<\/a><\/li>\n<\/ul>\n<p>&nbsp;<\/p>\n<p>[\/et_pb_text][\/et_pb_column][et_pb_column type=\u00a0\u00bb1_4&Prime; _builder_version=\u00a0\u00bb4.24.2&Prime; _module_preset=\u00a0\u00bbdefault\u00a0\u00bb global_colors_info=\u00a0\u00bb{}\u00a0\u00bb][et_pb_text _builder_version=\u00a0\u00bb4.27.4&Prime; _module_preset=\u00a0\u00bbdefault\u00a0\u00bb header_3_text_color=\u00a0\u00bb#FFFFFF\u00a0\u00bb global_colors_info=\u00a0\u00bb{}\u00a0\u00bb]<\/p>\n<h3>Resources<\/h3>\n<p><a href=\"https:\/\/helpcenter.nivomax.com\/\" target=\"_blank\" rel=\"noopener\">Centre d&rsquo;Aide<\/a><br \/><a href=\"https:\/\/www.nivomax.com\/fr\/resource-center\/\">Centre de Ressources<\/a><br \/><a href=\"https:\/\/www.nivomax.com\/fr\/faq\/\">FAQ<\/a><\/p>\n<p>[\/et_pb_text][\/et_pb_column][et_pb_column type=\u00a0\u00bb1_4&Prime; _builder_version=\u00a0\u00bb4.24.2&Prime; _module_preset=\u00a0\u00bbdefault\u00a0\u00bb global_colors_info=\u00a0\u00bb{}\u00a0\u00bb][et_pb_social_media_follow _builder_version=\u00a0\u00bb4.25.1&Prime; _module_preset=\u00a0\u00bbdefault\u00a0\u00bb global_colors_info=\u00a0\u00bb{}\u00a0\u00bb][et_pb_social_media_follow_network social_network=\u00a0\u00bblinkedin\u00a0\u00bb url=\u00a0\u00bbhttps:\/\/ca.linkedin.com\/company\/synaxiom\u00a0\u00bb _builder_version=\u00a0\u00bb4.25.1&Prime; _module_preset=\u00a0\u00bbdefault\u00a0\u00bb background_color=\u00a0\u00bb#007bb6&Prime; global_colors_info=\u00a0\u00bb{}\u00a0\u00bb follow_button=\u00a0\u00bboff\u00a0\u00bb url_new_window=\u00a0\u00bbon\u00a0\u00bb]linkedin[\/et_pb_social_media_follow_network][\/et_pb_social_media_follow][et_pb_text _builder_version=\u00a0\u00bb4.27.4&Prime; _module_preset=\u00a0\u00bbdefault\u00a0\u00bb text_text_color=\u00a0\u00bb#FFFFFF\u00a0\u00bb hover_enabled=\u00a0\u00bb0&Prime; global_colors_info=\u00a0\u00bb{}\u00a0\u00bb sticky_enabled=\u00a0\u00bb0&Prime;]<\/p>\n<p>T\u00e9l: +1 -514-363-0168<\/p>\n<p>Fax: 1 -514-363-1887<\/p>\n<p>Courriel: <a href=\"mailto:info@synaxiom.com\">info@synaxiom.com<\/a><\/p>\n<p>[\/et_pb_text][\/et_pb_column][\/et_pb_row][et_pb_row column_structure=\u00a0\u00bb1_2,1_2&Prime; _builder_version=\u00a0\u00bb4.24.2&Prime; _module_preset=\u00a0\u00bbdefault\u00a0\u00bb border_width_top=\u00a0\u00bb1px\u00a0\u00bb border_color_top=\u00a0\u00bb#626262&Prime; global_colors_info=\u00a0\u00bb{}\u00a0\u00bb][et_pb_column type=\u00a0\u00bb1_2&Prime; _builder_version=\u00a0\u00bb4.24.2&Prime; _module_preset=\u00a0\u00bbdefault\u00a0\u00bb global_colors_info=\u00a0\u00bb{}\u00a0\u00bb][et_pb_text _builder_version=\u00a0\u00bb4.25.2&Prime; _module_preset=\u00a0\u00bbdefault\u00a0\u00bb text_font=\u00a0\u00bb|600|||||||\u00a0\u00bb text_text_color=\u00a0\u00bb#FFFFFF\u00a0\u00bb custom_padding=\u00a0\u00bb||0px|||\u00a0\u00bb global_colors_info=\u00a0\u00bb{}\u00a0\u00bb]<\/p>\n<p><span>NIVOMAX \u00a9 2017-2024 Tous droits r\u00e9serv\u00e9s SYNAXIOM INC.<br \/><\/span><span>\u00a9 2005 &#8211; 2024 SYNAXIOM Inc<\/span><\/p>\n<p>[\/et_pb_text][\/et_pb_column][et_pb_column type=\u00a0\u00bb1_2&Prime; _builder_version=\u00a0\u00bb4.24.2&Prime; _module_preset=\u00a0\u00bbdefault\u00a0\u00bb global_colors_info=\u00a0\u00bb{}\u00a0\u00bb][et_pb_image src=\u00a0\u00bbhttps:\/\/www.nivomax.com\/wp-content\/uploads\/2025\/01\/syn_logo_horizontal.png\u00a0\u00bb title_text=\u00a0\u00bbsyn_logo_horizontal\u00a0\u00bb url_new_window=\u00a0\u00bbon\u00a0\u00bb align=\u00a0\u00bbright\u00a0\u00bb _builder_version=\u00a0\u00bb4.27.4&Prime; _module_preset=\u00a0\u00bbdefault\u00a0\u00bb max_width=\u00a0\u00bb47%\u00a0\u00bb max_width_tablet=\u00a0\u00bb47%\u00a0\u00bb max_width_phone=\u00a0\u00bb75%\u00a0\u00bb max_width_last_edited=\u00a0\u00bbon|phone\u00a0\u00bb custom_margin=\u00a0\u00bb-25px||||false|false\u00a0\u00bb custom_margin_tablet=\u00a0\u00bb-18px||||false|false\u00a0\u00bb custom_margin_phone=\u00a0\u00bb-10px||||false|false\u00a0\u00bb custom_margin_last_edited=\u00a0\u00bbon|tablet\u00a0\u00bb global_colors_info=\u00a0\u00bb{}\u00a0\u00bb][\/et_pb_image][\/et_pb_column][\/et_pb_row][\/et_pb_section]<\/p>\n","protected":false},"excerpt":{"rendered":"<p>Contactez-nous chez SYNAXIOM Nous sommes l\u00e0 pour vous aider \u00e0 naviguer facilement dans le monde des publications techniques. Que vous soyez curieux de conna\u00eetre la plateforme NIVOMAX, int\u00e9ress\u00e9 par une d\u00e9mo ou que vous ayez besoin d&rsquo;informations d\u00e9taill\u00e9es sur nos options de licence et nos modules d&rsquo;extension, notre \u00e9quipe est pr\u00eate \u00e0 vous fournir l&rsquo;assistance [&hellip;]<\/p>\n","protected":false},"author":11,"featured_media":0,"parent":0,"menu_order":0,"comment_status":"closed","ping_status":"closed","template":"","meta":{"_et_pb_use_builder":"on","_et_pb_old_content":"","_et_gb_content_width":"","_monsterinsights_skip_tracking":false,"_monsterinsights_sitenote_active":false,"_monsterinsights_sitenote_note":"","_monsterinsights_sitenote_category":0,"footnotes":""},"class_list":["post-247389","page","type-page","status-publish","hentry"],"jetpack_sharing_enabled":true,"_links":{"self":[{"href":"https:\/\/www.nivomax.com\/fr\/wp-json\/wp\/v2\/pages\/247389","targetHints":{"allow":["GET"]}}],"collection":[{"href":"https:\/\/www.nivomax.com\/fr\/wp-json\/wp\/v2\/pages"}],"about":[{"href":"https:\/\/www.nivomax.com\/fr\/wp-json\/wp\/v2\/types\/page"}],"author":[{"embeddable":true,"href":"https:\/\/www.nivomax.com\/fr\/wp-json\/wp\/v2\/users\/11"}],"replies":[{"embeddable":true,"href":"https:\/\/www.nivomax.com\/fr\/wp-json\/wp\/v2\/comments?post=247389"}],"version-history":[{"count":9,"href":"https:\/\/www.nivomax.com\/fr\/wp-json\/wp\/v2\/pages\/247389\/revisions"}],"predecessor-version":[{"id":248236,"href":"https:\/\/www.nivomax.com\/fr\/wp-json\/wp\/v2\/pages\/247389\/revisions\/248236"}],"wp:attachment":[{"href":"https:\/\/www.nivomax.com\/fr\/wp-json\/wp\/v2\/media?parent=247389"}],"curies":[{"name":"wp","href":"https:\/\/api.w.org\/{rel}","templated":true}]}}